{"id":13282,"date":"2026-01-16T17:28:56","date_gmt":"2026-01-16T21:28:56","guid":{"rendered":"https:\/\/micro-esthetique.com\/?page_id=13282"},"modified":"2026-01-17T10:51:32","modified_gmt":"2026-01-17T14:51:32","slug":"demande-de-consultation-epilation-laser","status":"publish","type":"page","link":"https:\/\/micro-esthetique.com\/en\/demande-de-consultation-epilation-laser\/","title":{"rendered":"Demande de consultation \u2013 \u00c9pilation laser"},"content":{"rendered":"\t\t<div data-elementor-type=\"wp-page\" data-elementor-id=\"13282\" class=\"elementor elementor-13282\" data-elementor-post-type=\"page\">\n\t\t\t\t<div class=\"elementor-element elementor-element-abb2378 e-flex e-con-boxed e-con e-parent\" data-id=\"abb2378\" data-element_type=\"container\">\n\t\t\t\t\t<div class=\"e-con-inner\">\n\t\t<div class=\"elementor-element elementor-element-fe2dc21 e-con-full e-flex e-con e-child\" data-id=\"fe2dc21\" data-element_type=\"container\">\n\t\t\t\t<\/div>\n\t\t<div class=\"elementor-element elementor-element-3177b51 e-con-full e-flex e-con e-child\" data-id=\"3177b51\" data-element_type=\"container\">\n\t\t\t\t<div class=\"elementor-element elementor-element-e6dc3e9 animated-slow elementor-invisible elementor-widget elementor-widget-heading\" data-id=\"e6dc3e9\" data-element_type=\"widget\" data-settings=\"{&quot;_animation&quot;:&quot;fadeInRight&quot;}\" data-widget_type=\"heading.default\">\n\t\t\t\t<div class=\"elementor-widget-container\">\n\t\t\t\t\t<h2 class=\"elementor-heading-title elementor-size-default\">Demande de consultation \u2013 \u00c9pilation laser<\/h2>\t\t\t\t<\/div>\n\t\t\t\t<\/div>\n\t\t\t\t<div class=\"elementor-element elementor-element-74df5ef elementor-button-align-center c-form animated-slow elementor-invisible elementor-widget elementor-widget-form\" data-id=\"74df5ef\" data-element_type=\"widget\" data-settings=\"{&quot;step_next_label&quot;:&quot;Next&quot;,&quot;step_previous_label&quot;:&quot;Previous&quot;,&quot;_animation&quot;:&quot;fadeInRight&quot;,&quot;button_width&quot;:&quot;100&quot;,&quot;step_type&quot;:&quot;number_text&quot;,&quot;step_icon_shape&quot;:&quot;circle&quot;}\" data-widget_type=\"form.default\">\n\t\t\t\t<div class=\"elementor-widget-container\">\n\t\t\t\t\t\t\t<form class=\"elementor-form\" method=\"post\" name=\"Demande de consultation \u2013 \u00c9pilation laser\">\n\t\t\t<input type=\"hidden\" name=\"post_id\" value=\"13282\"\/>\n\t\t\t<input type=\"hidden\" name=\"form_id\" value=\"74df5ef\"\/>\n\t\t\t<input type=\"hidden\" name=\"referer_title\" value=\"Demande de consultation \u2013 \u00c9pilation laser - ESME Esth\u00e9tique\" \/>\n\n\t\t\t\t\t\t\t<input type=\"hidden\" name=\"queried_id\" value=\"13282\"\/>\n\t\t\t\n\t\t\t<div class=\"elementor-form-fields-wrapper elementor-labels-above\">\n\t\t\t\t\t\t\t\t<div class=\"elementor-field-type-text elementor-field-group elementor-column elementor-field-group-name elementor-col-50 elementor-field-required elementor-mark-required\">\n\t\t\t\t\t\t\t\t\t\t\t\t<label for=\"form-field-name\" class=\"elementor-field-label\">\n\t\t\t\t\t\t\t\tPr\u00e9nom\t\t\t\t\t\t\t<\/label>\n\t\t\t\t\t\t\t\t\t\t\t\t\t\t<input size=\"1\" type=\"text\" name=\"form_fields[name]\" id=\"form-field-name\" class=\"elementor-field elementor-size-sm  elementor-field-textual\" placeholder=\"Votre pr\u00e9nom\" required=\"required\">\n\t\t\t\t\t\t\t\t\t\t\t<\/div>\n\t\t\t\t\t\t\t\t<div class=\"elementor-field-type-text elementor-field-group elementor-column elementor-field-group-field_1a91b56 elementor-col-50 elementor-field-required elementor-mark-required\">\n\t\t\t\t\t\t\t\t\t\t\t\t<label for=\"form-field-field_1a91b56\" class=\"elementor-field-label\">\n\t\t\t\t\t\t\t\tNom\t\t\t\t\t\t\t<\/label>\n\t\t\t\t\t\t\t\t\t\t\t\t\t\t<input size=\"1\" type=\"text\" name=\"form_fields[field_1a91b56]\" id=\"form-field-field_1a91b56\" class=\"elementor-field elementor-size-sm  elementor-field-textual\" placeholder=\"Votre nom\" required=\"required\">\n\t\t\t\t\t\t\t\t\t\t\t<\/div>\n\t\t\t\t\t\t\t\t<div class=\"elementor-field-type-tel elementor-field-group elementor-column elementor-field-group-field_dca4623 elementor-col-50 elementor-field-required elementor-mark-required\">\n\t\t\t\t\t\t\t\t\t\t\t\t<label for=\"form-field-field_dca4623\" class=\"elementor-field-label\">\n\t\t\t\t\t\t\t\t Num\u00e9ro de t\u00e9l\u00e9phone\t\t\t\t\t\t\t<\/label>\n\t\t\t\t\t\t\t\t<input size=\"1\" type=\"tel\" name=\"form_fields[field_dca4623]\" id=\"form-field-field_dca4623\" class=\"elementor-field elementor-size-sm  elementor-field-textual\" placeholder=\" Num\u00e9ro de t\u00e9l\u00e9phone\" required=\"required\" pattern=\"[0-9()#&amp;+*-=.]+\" title=\"Only numbers and phone characters (#, -, *, etc) are accepted.\">\n\n\t\t\t\t\t\t<\/div>\n\t\t\t\t\t\t\t\t<div class=\"elementor-field-type-email elementor-field-group elementor-column elementor-field-group-email elementor-col-50 elementor-field-required elementor-mark-required\">\n\t\t\t\t\t\t\t\t\t\t\t\t<label for=\"form-field-email\" class=\"elementor-field-label\">\n\t\t\t\t\t\t\t\tCourriel\t\t\t\t\t\t\t<\/label>\n\t\t\t\t\t\t\t\t\t\t\t\t\t\t<input size=\"1\" type=\"email\" name=\"form_fields[email]\" id=\"form-field-email\" class=\"elementor-field elementor-size-sm  elementor-field-textual\" placeholder=\" Votre Email\" required=\"required\">\n\t\t\t\t\t\t\t\t\t\t\t<\/div>\n\t\t\t\t\t\t\t\t<div class=\"elementor-field-type-checkbox elementor-field-group elementor-column elementor-field-group-field_0faef9e elementor-col-50\">\n\t\t\t\t\t\t\t\t\t\t\t\t<label for=\"form-field-field_0faef9e\" class=\"elementor-field-label\">\n\t\t\t\t\t\t\t\tZone(s) \u00e0 traiter\t\t\t\t\t\t\t<\/label>\n\t\t\t\t\t\t<div class=\"elementor-field-subgroup  \"><span class=\"elementor-field-option\"><input type=\"checkbox\" value=\"Aisselles\" id=\"form-field-field_0faef9e-0\" name=\"form_fields[field_0faef9e][]\"> <label for=\"form-field-field_0faef9e-0\">Aisselles<\/label><\/span><span class=\"elementor-field-option\"><input type=\"checkbox\" value=\"Bikini\" id=\"form-field-field_0faef9e-1\" name=\"form_fields[field_0faef9e][]\"> <label for=\"form-field-field_0faef9e-1\">Bikini<\/label><\/span><span class=\"elementor-field-option\"><input type=\"checkbox\" value=\"Jambes\" id=\"form-field-field_0faef9e-2\" name=\"form_fields[field_0faef9e][]\"> <label for=\"form-field-field_0faef9e-2\">Jambes<\/label><\/span><span class=\"elementor-field-option\"><input type=\"checkbox\" value=\"Dos\" id=\"form-field-field_0faef9e-3\" name=\"form_fields[field_0faef9e][]\"> <label for=\"form-field-field_0faef9e-3\">Dos<\/label><\/span><span class=\"elementor-field-option\"><input type=\"checkbox\" value=\"Visage\" id=\"form-field-field_0faef9e-4\" name=\"form_fields[field_0faef9e][]\"> <label for=\"form-field-field_0faef9e-4\">Visage<\/label><\/span><span class=\"elementor-field-option\"><input type=\"checkbox\" value=\"Autre\" id=\"form-field-field_0faef9e-5\" name=\"form_fields[field_0faef9e][]\"> <label for=\"form-field-field_0faef9e-5\">Autre<\/label><\/span><\/div>\t\t\t\t<\/div>\n\t\t\t\t\t\t\t\t<div class=\"elementor-field-type-textarea elementor-field-group elementor-column elementor-field-group-message elementor-col-50\">\n\t\t\t\t\t\t\t\t\t\t\t\t<label for=\"form-field-message\" class=\"elementor-field-label\">\n\t\t\t\t\t\t\t\tMessage\t\t\t\t\t\t\t<\/label>\n\t\t\t\t\t\t<textarea class=\"elementor-field-textual elementor-field  elementor-size-sm\" name=\"form_fields[message]\" id=\"form-field-message\" rows=\"5\" placeholder=\"Ex. : questions, objectifs, exp\u00e9riences pass\u00e9es\"><\/textarea>\t\t\t\t<\/div>\n\t\t\t\t\t\t\t\t<div class=\"elementor-field-type-recaptcha elementor-field-group elementor-column elementor-field-group-field_271542b elementor-col-100\">\n\t\t\t\t\t<div class=\"elementor-field\" id=\"form-field-field_271542b\"><div class=\"elementor-g-recaptcha\" data-sitekey=\"6Le_NuMrAAAAANJshdpihy5QFkNzkWIY3B_vY4l3\" data-type=\"v2_checkbox\" data-theme=\"light\" data-size=\"normal\"><\/div><\/div>\t\t\t\t<\/div>\n\t\t\t\t\t\t\t\t<div class=\"elementor-field-type-text\">\n\t\t\t\t\t<input size=\"1\" type=\"text\" name=\"form_fields[field_d27c8f2]\" id=\"form-field-field_d27c8f2\" class=\"elementor-field elementor-size-sm \" style=\"display:none !important;\">\t\t\t\t<\/div>\n\t\t\t\t\t\t\t\t<div class=\"elementor-field-group elementor-column elementor-field-type-submit elementor-col-100 e-form__buttons\">\n\t\t\t\t\t<button class=\"elementor-button elementor-size-sm\" type=\"submit\">\n\t\t\t\t\t\t<span class=\"elementor-button-content-wrapper\">\n\t\t\t\t\t\t\t\t\t\t\t\t\t\t\t\t\t\t\t\t\t\t<span class=\"elementor-button-text\">envoyer<\/span>\n\t\t\t\t\t\t\t\t\t\t\t\t\t<\/span>\n\t\t\t\t\t<\/button>\n\t\t\t\t<\/div>\n\t\t\t<\/div>\n\t\t<\/form>\n\t\t\t\t\t\t<\/div>\n\t\t\t\t<\/div>\n\t\t\t\t<\/div>\n\t\t<div class=\"elementor-element elementor-element-9b1f347 e-con-full e-flex e-con e-child\" data-id=\"9b1f347\" data-element_type=\"container\">\n\t\t\t\t<\/div>\n\t\t\t\t\t<\/div>\n\t\t\t\t<\/div>\n\t\t<div class=\"elementor-element elementor-element-e9d214e e-flex e-con-boxed e-con e-parent\" data-id=\"e9d214e\" data-element_type=\"container\">\n\t\t\t\t\t<div class=\"e-con-inner\">\n\t\t\t\t<div class=\"elementor-element elementor-element-ff9f05d elementor-widget elementor-widget-spacer\" data-id=\"ff9f05d\" data-element_type=\"widget\" data-widget_type=\"spacer.default\">\n\t\t\t\t<div class=\"elementor-widget-container\">\n\t\t\t\t\t\t\t<div class=\"elementor-spacer\">\n\t\t\t<div class=\"elementor-spacer-inner\"><\/div>\n\t\t<\/div>\n\t\t\t\t\t\t<\/div>\n\t\t\t\t<\/div>\n\t\t\t\t\t<\/div>\n\t\t\t\t<\/div>\n\t\t\t\t<\/div>\n\t\t","protected":false},"excerpt":{"rendered":"<p>Demande de consultation \u2013 \u00c9pilation laser<\/p>\n","protected":false},"author":2,"featured_media":0,"parent":0,"menu_order":0,"comment_status":"closed","ping_status":"closed","template":"","meta":{"_acf_changed":false,"footnotes":""},"class_list":["post-13282","page","type-page","status-publish","hentry"],"acf":[],"yoast_head":"<!-- This site is optimized with the Yoast SEO plugin v26.6 - https:\/\/yoast.com\/wordpress\/plugins\/seo\/ -->\n<title>Demande de consultation \u2013 \u00c9pilation laser - ESME Esth\u00e9tique<\/title>\n<meta name=\"robots\" content=\"index, follow, max-snippet:-1, max-image-preview:large, max-video-preview:-1\" \/>\n<link rel=\"canonical\" href=\"https:\/\/micro-esthetique.com\/en\/demande-de-consultation-epilation-laser\/\" \/>\n<meta property=\"og:locale\" content=\"en_US\" \/>\n<meta property=\"og:type\" content=\"article\" \/>\n<meta property=\"og:title\" content=\"Demande de consultation \u2013 \u00c9pilation laser - ESME Esth\u00e9tique\" \/>\n<meta property=\"og:description\" content=\"Demande de consultation \u2013 \u00c9pilation laser\" \/>\n<meta property=\"og:url\" content=\"https:\/\/micro-esthetique.com\/en\/demande-de-consultation-epilation-laser\/\" \/>\n<meta property=\"og:site_name\" content=\"ESME Esth\u00e9tique\" \/>\n<meta property=\"article:publisher\" content=\"https:\/\/www.facebook.com\/microtrolyse\/\" \/>\n<meta property=\"article:modified_time\" content=\"2026-01-17T14:51:32+00:00\" \/>\n<meta property=\"og:image\" content=\"https:\/\/micro-esthetique.com\/wp-content\/uploads\/2024\/11\/placeholder2.jpg\" \/>\n\t<meta property=\"og:image:width\" content=\"1000\" \/>\n\t<meta property=\"og:image:height\" content=\"1000\" \/>\n\t<meta property=\"og:image:type\" content=\"image\/jpeg\" \/>\n<meta name=\"twitter:card\" content=\"summary_large_image\" \/>\n<meta name=\"twitter:label1\" content=\"Est. reading time\" \/>\n\t<meta name=\"twitter:data1\" content=\"1 minute\" \/>\n<script type=\"application\/ld+json\" class=\"yoast-schema-graph\">{\"@context\":\"https:\/\/schema.org\",\"@graph\":[{\"@type\":\"WebPage\",\"@id\":\"https:\/\/micro-esthetique.com\/en\/demande-de-consultation-epilation-laser\/\",\"url\":\"https:\/\/micro-esthetique.com\/en\/demande-de-consultation-epilation-laser\/\",\"name\":\"Demande de consultation \u2013 \u00c9pilation laser - ESME Esth\u00e9tique\",\"isPartOf\":{\"@id\":\"https:\/\/micro-esthetique.com\/en\/#website\"},\"datePublished\":\"2026-01-16T21:28:56+00:00\",\"dateModified\":\"2026-01-17T14:51:32+00:00\",\"breadcrumb\":{\"@id\":\"https:\/\/micro-esthetique.com\/en\/demande-de-consultation-epilation-laser\/#breadcrumb\"},\"inLanguage\":\"en-US\",\"potentialAction\":[{\"@type\":\"ReadAction\",\"target\":[\"https:\/\/micro-esthetique.com\/en\/demande-de-consultation-epilation-laser\/\"]}]},{\"@type\":\"BreadcrumbList\",\"@id\":\"https:\/\/micro-esthetique.com\/en\/demande-de-consultation-epilation-laser\/#breadcrumb\",\"itemListElement\":[{\"@type\":\"ListItem\",\"position\":1,\"name\":\"Accueil\",\"item\":\"https:\/\/micro-esthetique.com\/en\/\"},{\"@type\":\"ListItem\",\"position\":2,\"name\":\"Demande de consultation \u2013 \u00c9pilation laser\"}]},{\"@type\":\"WebSite\",\"@id\":\"https:\/\/micro-esthetique.com\/en\/#website\",\"url\":\"https:\/\/micro-esthetique.com\/en\/\",\"name\":\"ESME Esth\u00e9tique\",\"description\":\"\",\"publisher\":{\"@id\":\"https:\/\/micro-esthetique.com\/en\/#organization\"},\"potentialAction\":[{\"@type\":\"SearchAction\",\"target\":{\"@type\":\"EntryPoint\",\"urlTemplate\":\"https:\/\/micro-esthetique.com\/en\/?s={search_term_string}\"},\"query-input\":{\"@type\":\"PropertyValueSpecification\",\"valueRequired\":true,\"valueName\":\"search_term_string\"}}],\"inLanguage\":\"en-US\"},{\"@type\":\"Organization\",\"@id\":\"https:\/\/micro-esthetique.com\/en\/#organization\",\"name\":\"ESME Esth\u00e9tique\",\"url\":\"https:\/\/micro-esthetique.com\/en\/\",\"logo\":{\"@type\":\"ImageObject\",\"inLanguage\":\"en-US\",\"@id\":\"https:\/\/micro-esthetique.com\/en\/#\/schema\/logo\/image\/\",\"url\":\"https:\/\/micro-esthetique.com\/wp-content\/uploads\/2024\/11\/placeholder2.jpg\",\"contentUrl\":\"https:\/\/micro-esthetique.com\/wp-content\/uploads\/2024\/11\/placeholder2.jpg\",\"width\":1000,\"height\":1000,\"caption\":\"ESME Esth\u00e9tique\"},\"image\":{\"@id\":\"https:\/\/micro-esthetique.com\/en\/#\/schema\/logo\/image\/\"},\"sameAs\":[\"https:\/\/www.facebook.com\/microtrolyse\/\",\"https:\/\/www.instagram.com\/esme_esthetique\/\"]}]}<\/script>\n<!-- \/ Yoast SEO plugin. -->","yoast_head_json":{"title":"Demande de consultation \u2013 \u00c9pilation laser - ESME Esth\u00e9tique","robots":{"index":"index","follow":"follow","max-snippet":"max-snippet:-1","max-image-preview":"max-image-preview:large","max-video-preview":"max-video-preview:-1"},"canonical":"https:\/\/micro-esthetique.com\/en\/demande-de-consultation-epilation-laser\/","og_locale":"en_US","og_type":"article","og_title":"Demande de consultation \u2013 \u00c9pilation laser - ESME Esth\u00e9tique","og_description":"Demande de consultation \u2013 \u00c9pilation laser","og_url":"https:\/\/micro-esthetique.com\/en\/demande-de-consultation-epilation-laser\/","og_site_name":"ESME Esth\u00e9tique","article_publisher":"https:\/\/www.facebook.com\/microtrolyse\/","article_modified_time":"2026-01-17T14:51:32+00:00","og_image":[{"width":1000,"height":1000,"url":"https:\/\/micro-esthetique.com\/wp-content\/uploads\/2024\/11\/placeholder2.jpg","type":"image\/jpeg"}],"twitter_card":"summary_large_image","twitter_misc":{"Est. reading time":"1 minute"},"schema":{"@context":"https:\/\/schema.org","@graph":[{"@type":"WebPage","@id":"https:\/\/micro-esthetique.com\/en\/demande-de-consultation-epilation-laser\/","url":"https:\/\/micro-esthetique.com\/en\/demande-de-consultation-epilation-laser\/","name":"Demande de consultation \u2013 \u00c9pilation laser - ESME Esth\u00e9tique","isPartOf":{"@id":"https:\/\/micro-esthetique.com\/en\/#website"},"datePublished":"2026-01-16T21:28:56+00:00","dateModified":"2026-01-17T14:51:32+00:00","breadcrumb":{"@id":"https:\/\/micro-esthetique.com\/en\/demande-de-consultation-epilation-laser\/#breadcrumb"},"inLanguage":"en-US","potentialAction":[{"@type":"ReadAction","target":["https:\/\/micro-esthetique.com\/en\/demande-de-consultation-epilation-laser\/"]}]},{"@type":"BreadcrumbList","@id":"https:\/\/micro-esthetique.com\/en\/demande-de-consultation-epilation-laser\/#breadcrumb","itemListElement":[{"@type":"ListItem","position":1,"name":"Accueil","item":"https:\/\/micro-esthetique.com\/en\/"},{"@type":"ListItem","position":2,"name":"Demande de consultation \u2013 \u00c9pilation laser"}]},{"@type":"WebSite","@id":"https:\/\/micro-esthetique.com\/en\/#website","url":"https:\/\/micro-esthetique.com\/en\/","name":"ESME Esth\u00e9tique","description":"","publisher":{"@id":"https:\/\/micro-esthetique.com\/en\/#organization"},"potentialAction":[{"@type":"SearchAction","target":{"@type":"EntryPoint","urlTemplate":"https:\/\/micro-esthetique.com\/en\/?s={search_term_string}"},"query-input":{"@type":"PropertyValueSpecification","valueRequired":true,"valueName":"search_term_string"}}],"inLanguage":"en-US"},{"@type":"Organization","@id":"https:\/\/micro-esthetique.com\/en\/#organization","name":"ESME Esth\u00e9tique","url":"https:\/\/micro-esthetique.com\/en\/","logo":{"@type":"ImageObject","inLanguage":"en-US","@id":"https:\/\/micro-esthetique.com\/en\/#\/schema\/logo\/image\/","url":"https:\/\/micro-esthetique.com\/wp-content\/uploads\/2024\/11\/placeholder2.jpg","contentUrl":"https:\/\/micro-esthetique.com\/wp-content\/uploads\/2024\/11\/placeholder2.jpg","width":1000,"height":1000,"caption":"ESME Esth\u00e9tique"},"image":{"@id":"https:\/\/micro-esthetique.com\/en\/#\/schema\/logo\/image\/"},"sameAs":["https:\/\/www.facebook.com\/microtrolyse\/","https:\/\/www.instagram.com\/esme_esthetique\/"]}]}},"_links":{"self":[{"href":"https:\/\/micro-esthetique.com\/en\/wp-json\/wp\/v2\/pages\/13282","targetHints":{"allow":["GET"]}}],"collection":[{"href":"https:\/\/micro-esthetique.com\/en\/wp-json\/wp\/v2\/pages"}],"about":[{"href":"https:\/\/micro-esthetique.com\/en\/wp-json\/wp\/v2\/types\/page"}],"author":[{"embeddable":true,"href":"https:\/\/micro-esthetique.com\/en\/wp-json\/wp\/v2\/users\/2"}],"replies":[{"embeddable":true,"href":"https:\/\/micro-esthetique.com\/en\/wp-json\/wp\/v2\/comments?post=13282"}],"version-history":[{"count":13,"href":"https:\/\/micro-esthetique.com\/en\/wp-json\/wp\/v2\/pages\/13282\/revisions"}],"predecessor-version":[{"id":13300,"href":"https:\/\/micro-esthetique.com\/en\/wp-json\/wp\/v2\/pages\/13282\/revisions\/13300"}],"wp:attachment":[{"href":"https:\/\/micro-esthetique.com\/en\/wp-json\/wp\/v2\/media?parent=13282"}],"curies":[{"name":"wp","href":"https:\/\/api.w.org\/{rel}","templated":true}]}}