{"id":6692,"date":"2024-09-24T15:56:26","date_gmt":"2024-09-24T19:56:26","guid":{"rendered":"https:\/\/dev1.micro-esthetique.com\/cart\/"},"modified":"2024-10-30T10:33:08","modified_gmt":"2024-10-30T14:33:08","slug":"cart","status":"publish","type":"page","link":"https:\/\/micro-esthetique.com\/en\/cart\/","title":{"rendered":"Cart_en"},"content":{"rendered":"\t\t<div data-elementor-type=\"wp-page\" data-elementor-id=\"6692\" class=\"elementor elementor-6692 elementor-478\" data-elementor-post-type=\"page\">\n\t\t\t\t<div class=\"elementor-element elementor-element-3ff479ca elementor-hidden-desktop elementor-hidden-tablet elementor-hidden-mobile e-flex e-con-boxed e-con e-parent\" data-id=\"3ff479ca\" data-element_type=\"container\" data-e-type=\"container\">\n\t\t\t\t\t<div class=\"e-con-inner\">\n\t\t\t\t<div class=\"elementor-element elementor-element-15d2ca20 elementor-widget elementor-widget-text-editor\" data-id=\"15d2ca20\" data-element_type=\"widget\" data-e-type=\"widget\" data-widget_type=\"text-editor.default\">\n\t\t\t\t<div class=\"elementor-widget-container\">\n\t\t\t\t\t\t\t\t\t\n<div class=\"wp-block-woocommerce-cart alignwide is-loading\">\n<div class=\"wp-block-woocommerce-filled-cart-block\">\n<div class=\"wp-block-woocommerce-cart-items-block\">\n<div class=\"wp-block-woocommerce-cart-line-items-block\"><\/div>\n\n\n\n<div class=\"wp-block-woocommerce-cart-cross-sells-block\">\n<h2 class=\"wp-block-heading has-large-font-size\">You may be interested in\u2026<\/h2>\n\n\n\n<div class=\"wp-block-woocommerce-cart-cross-sells-products-block\"><\/div>\n<\/div>\n<\/div>\n\n\n\n<div class=\"wp-block-woocommerce-cart-totals-block\">\n<div class=\"wp-block-woocommerce-cart-order-summary-block\">\n<div class=\"wp-block-woocommerce-cart-order-summary-heading-block\"><\/div>\n\n\n\n<div class=\"wp-block-woocommerce-cart-order-summary-coupon-form-block\"><\/div>\n\n\n\n<div class=\"wp-block-woocommerce-cart-order-summary-subtotal-block\"><\/div>\n\n\n\n<div class=\"wp-block-woocommerce-cart-order-summary-fee-block\"><\/div>\n\n\n\n<div class=\"wp-block-woocommerce-cart-order-summary-discount-block\"><\/div>\n\n\n\n<div class=\"wp-block-woocommerce-cart-order-summary-shipping-block\"><\/div>\n\n\n\n<div class=\"wp-block-woocommerce-cart-order-summary-taxes-block\"><\/div>\n<\/div>\n\n\n\n<div class=\"wp-block-woocommerce-cart-express-payment-block\"><\/div>\n\n\n\n<div class=\"wp-block-woocommerce-proceed-to-checkout-block\"><\/div>\n\n\n\n<div class=\"wp-block-woocommerce-cart-accepted-payment-methods-block\"><\/div>\n<\/div>\n<\/div>\n\n\n\n<div class=\"wp-block-woocommerce-empty-cart-block\">\n<h2 class=\"wp-block-heading has-text-align-center with-empty-cart-icon wc-block-cart__empty-cart__title\">Your cart is currently empty!<\/h2>\n\n\n\n<hr class=\"wp-block-separator has-alpha-channel-opacity is-style-dots\"\/>\n\n\n\n<h2 class=\"wp-block-heading has-text-align-center\">New in store<\/h2>\n\n\n<\/div>\n<\/div>\n\t\t\t\t\t\t\t\t<\/div>\n\t\t\t\t<\/div>\n\t\t\t\t\t<\/div>\n\t\t\t\t<\/div>\n\t\t<div class=\"elementor-element elementor-element-8bc1228 e-flex e-con-boxed e-con e-parent\" data-id=\"8bc1228\" data-element_type=\"container\" data-e-type=\"container\">\n\t\t\t\t\t<div class=\"e-con-inner\">\n\t\t<div class=\"elementor-element elementor-element-eb9b01a e-con-full e-flex e-con e-child\" data-id=\"eb9b01a\" data-element_type=\"container\" data-e-type=\"container\">\n\t\t\t\t<div class=\"elementor-element elementor-element-fd55e73 reduction-title elementor-invisible elementor-widget elementor-widget-jet-cart-table\" data-id=\"fd55e73\" data-element_type=\"widget\" data-e-type=\"widget\" data-settings=\"{&quot;cart_update_automatically&quot;:&quot;yes&quot;,&quot;_animation&quot;:&quot;slideInLeft&quot;}\" data-widget_type=\"jet-cart-table.default\">\n\t\t\t\t<div class=\"elementor-widget-container\">\n\t\t\t\t\t<div class=\"elementor-jet-cart-table jet-woo-builder\"><div class=\"woocommerce-notices-wrapper\"><\/div><div class=\"wc-empty-cart-message\">\n\t<div class=\"cart-empty woocommerce-info\" role=\"status\">\n\t\tYour cart is currently empty.\t<\/div>\n<\/div>\t<p class=\"return-to-shop\">\n\t\t<a class=\"button wc-backward\" href=\"https:\/\/micro-esthetique.com\/boutique-produits\/\">\n\t\t\tReturn to shop\t\t<\/a>\n\t<\/p>\n<\/div>\t\t\t\t<\/div>\n\t\t\t\t<\/div>\n\t\t\t\t<\/div>\n\t\t<div class=\"elementor-element elementor-element-ed654bf e-con-full e-flex e-con e-child\" data-id=\"ed654bf\" data-element_type=\"container\" data-e-type=\"container\">\n\t\t\t\t<div class=\"elementor-element elementor-element-085b643 elementor-invisible elementor-widget elementor-widget-jet-cart-totals\" data-id=\"085b643\" data-element_type=\"widget\" data-e-type=\"widget\" data-settings=\"{&quot;_animation&quot;:&quot;slideInRight&quot;}\" data-widget_type=\"jet-cart-totals.default\">\n\t\t\t\t<div class=\"elementor-widget-container\">\n\t\t\t\t\t<div class=\"elementor-jet-cart-totals jet-woo-builder\"><div class=\"cart_totals \">\n\n\t\n\t<h2>Cart totals<\/h2>\n\n\t<table cellspacing=\"0\" class=\"shop_table shop_table_responsive\">\n\n\t\t<tr class=\"cart-subtotal\">\n\t\t\t<th>Subtotal<\/th>\n\t\t\t<td data-title=\"Subtotal\"><span class=\"woocommerce-Price-amount amount\"><bdi><span class=\"woocommerce-Price-currencySymbol\">&#36;<\/span>0.00<\/bdi><\/span><\/td>\n\t\t<\/tr>\n\n\t\t\n\t\t\n\t\t\n\t\t\n\t\t<style>\n    .pwgc-cart-subtitle {\n        line-height: 1.4;\n        font-size: 80%;\n        font-weight: 300;\n    }\n<\/style>\n\n\t\t<tr class=\"order-total\">\n\t\t\t<th>Total<\/th>\n\t\t\t<td data-title=\"Total\"><strong><span class=\"woocommerce-Price-amount amount\"><bdi><span class=\"woocommerce-Price-currencySymbol\">&#36;<\/span>0.00<\/bdi><\/span><\/strong> <\/td>\n\t\t<\/tr>\n\n\t\t\n\t<\/table>\n\n\t<div class=\"wc-proceed-to-checkout\">\n\t\t    <style>\n        #pwgc-redeem-gift-card-container {\n            margin-bottom: 1.0em;\n        }\n\n        #pwgc-redeem-gift-card-number {\n            width: auto;\n        }\n\n        #pwgc-redeem-button {\n            display: inline-block;\n        }\n\n        #pwgc-redeem-error {\n            color: red;\n        }\n    <\/style>\n    <div id=\"pwgc-redeem-gift-card-form\">\n        <form id=\"pwgc-redeem-form\">\n            <div id=\"pwgc-redeem-gift-card-container\">\n                <label for=\"pwgc-redeem-gift-card-number\">Have a gift card?<\/label><br>\n                <div id=\"pwgc-redeem-error\"><\/div>\n                <input type=\"text\" id=\"pwgc-redeem-gift-card-number\" name=\"card_number\" autocomplete=\"off\" placeholder=\"Gift card number\">\n                <input type=\"submit\" id=\"pwgc-redeem-button\" class=\"button\" name=\"redeem_gift_card\" value=\"Apply\" data-wait-text=\"Please wait...\">\n            <\/div>\n        <\/form>\n    <\/div>\n    \n<a href=\"https:\/\/micro-esthetique.com\/commander\/\" class=\"checkout-button button alt wc-forward\">\n\tProceed to checkout<\/a>\n\t<\/div>\n\n\t\n<\/div>\n<\/div>\t\t\t\t<\/div>\n\t\t\t\t<\/div>\n\t\t\t\t<\/div>\n\t\t\t\t\t<\/div>\n\t\t\t\t<\/div>\n\t\t\t\t<\/div>\n\t\t","protected":false},"excerpt":{"rendered":"<p>You may be interested in\u2026 Your cart is currently empty! New in store Sup. Image Titre Prix Quantit\u00e9 Total GANT RENAISSANCE \u2013 BRIQUE &#36;36.00 quantit\u00e9 de GANT RENAISSANCE \u2013 BRIQUE&nbsp; &#36;36.00 S\u00c9RUM ABSOLUT LUMINOUS &#36;153.00 quantit\u00e9 de S\u00c9RUM ABSOLUT LUMINOUS&nbsp; &#36;153.00 Classic Body SPF 50 Lotion Sans Parfum Coola &#36;52.00 quantit\u00e9 de Classic Body SPF [&hellip;]<\/p>\n","protected":false},"author":2,"featured_media":0,"parent":0,"menu_order":0,"comment_status":"closed","ping_status":"closed","template":"","meta":{"_acf_changed":false,"footnotes":""},"class_list":["post-6692","page","type-page","status-publish","hentry"],"acf":[],"yoast_head":"<!-- This site is optimized with the Yoast SEO plugin v27.3 - https:\/\/yoast.com\/product\/yoast-seo-wordpress\/ -->\n<title>Cart_en - ESME Esth\u00e9tique<\/title>\n<meta name=\"robots\" content=\"index, follow, max-snippet:-1, max-image-preview:large, max-video-preview:-1\" \/>\n<link rel=\"canonical\" href=\"https:\/\/micro-esthetique.com\/en\/cart\/\" \/>\n<meta property=\"og:locale\" content=\"en_US\" \/>\n<meta property=\"og:type\" content=\"article\" \/>\n<meta property=\"og:title\" content=\"Cart_en - ESME Esth\u00e9tique\" \/>\n<meta property=\"og:description\" content=\"You may be interested in\u2026 Your cart is currently empty! New in store Sup. Image Titre Prix Quantit\u00e9 Total GANT RENAISSANCE \u2013 BRIQUE &#036;36.00 quantit\u00e9 de GANT RENAISSANCE \u2013 BRIQUE&nbsp; &#036;36.00 S\u00c9RUM ABSOLUT LUMINOUS &#036;153.00 quantit\u00e9 de S\u00c9RUM ABSOLUT LUMINOUS&nbsp; &#036;153.00 Classic Body SPF 50 Lotion Sans Parfum Coola &#036;52.00 quantit\u00e9 de Classic Body SPF [&hellip;]\" \/>\n<meta property=\"og:url\" content=\"https:\/\/micro-esthetique.com\/en\/cart\/\" \/>\n<meta property=\"og:site_name\" content=\"ESME Esth\u00e9tique\" \/>\n<meta property=\"article:publisher\" content=\"https:\/\/www.facebook.com\/microtrolyse\/\" \/>\n<meta property=\"article:modified_time\" content=\"2024-10-30T14:33:08+00:00\" \/>\n<meta property=\"og:image\" content=\"https:\/\/dev1.micro-esthetique.com\/wp-content\/uploads\/2024\/10\/DSC09574-300x300.jpg\" \/>\n<meta name=\"twitter:card\" content=\"summary_large_image\" \/>\n<meta name=\"twitter:label1\" content=\"Est. reading time\" \/>\n\t<meta name=\"twitter:data1\" content=\"1 minute\" \/>\n<script type=\"application\/ld+json\" class=\"yoast-schema-graph\">{\"@context\":\"https:\\\/\\\/schema.org\",\"@graph\":[{\"@type\":\"WebPage\",\"@id\":\"https:\\\/\\\/micro-esthetique.com\\\/en\\\/cart\\\/\",\"url\":\"https:\\\/\\\/micro-esthetique.com\\\/en\\\/cart\\\/\",\"name\":\"Cart_en - ESME Esth\u00e9tique\",\"isPartOf\":{\"@id\":\"https:\\\/\\\/micro-esthetique.com\\\/en\\\/#website\"},\"primaryImageOfPage\":{\"@id\":\"https:\\\/\\\/micro-esthetique.com\\\/en\\\/cart\\\/#primaryimage\"},\"image\":{\"@id\":\"https:\\\/\\\/micro-esthetique.com\\\/en\\\/cart\\\/#primaryimage\"},\"thumbnailUrl\":\"https:\\\/\\\/dev1.micro-esthetique.com\\\/wp-content\\\/uploads\\\/2024\\\/10\\\/DSC09574-300x300.jpg\",\"datePublished\":\"2024-09-24T19:56:26+00:00\",\"dateModified\":\"2024-10-30T14:33:08+00:00\",\"breadcrumb\":{\"@id\":\"https:\\\/\\\/micro-esthetique.com\\\/en\\\/cart\\\/#breadcrumb\"},\"inLanguage\":\"en-US\",\"potentialAction\":[{\"@type\":\"ReadAction\",\"target\":[\"https:\\\/\\\/micro-esthetique.com\\\/en\\\/cart\\\/\"]}]},{\"@type\":\"ImageObject\",\"inLanguage\":\"en-US\",\"@id\":\"https:\\\/\\\/micro-esthetique.com\\\/en\\\/cart\\\/#primaryimage\",\"url\":\"https:\\\/\\\/dev1.micro-esthetique.com\\\/wp-content\\\/uploads\\\/2024\\\/10\\\/DSC09574-300x300.jpg\",\"contentUrl\":\"https:\\\/\\\/dev1.micro-esthetique.com\\\/wp-content\\\/uploads\\\/2024\\\/10\\\/DSC09574-300x300.jpg\"},{\"@type\":\"BreadcrumbList\",\"@id\":\"https:\\\/\\\/micro-esthetique.com\\\/en\\\/cart\\\/#breadcrumb\",\"itemListElement\":[{\"@type\":\"ListItem\",\"position\":1,\"name\":\"Accueil\",\"item\":\"https:\\\/\\\/micro-esthetique.com\\\/en\\\/\"},{\"@type\":\"ListItem\",\"position\":2,\"name\":\"Cart_en\"}]},{\"@type\":\"WebSite\",\"@id\":\"https:\\\/\\\/micro-esthetique.com\\\/en\\\/#website\",\"url\":\"https:\\\/\\\/micro-esthetique.com\\\/en\\\/\",\"name\":\"ESME Esth\u00e9tique\",\"description\":\"\",\"publisher\":{\"@id\":\"https:\\\/\\\/micro-esthetique.com\\\/en\\\/#organization\"},\"potentialAction\":[{\"@type\":\"SearchAction\",\"target\":{\"@type\":\"EntryPoint\",\"urlTemplate\":\"https:\\\/\\\/micro-esthetique.com\\\/en\\\/?s={search_term_string}\"},\"query-input\":{\"@type\":\"PropertyValueSpecification\",\"valueRequired\":true,\"valueName\":\"search_term_string\"}}],\"inLanguage\":\"en-US\"},{\"@type\":\"Organization\",\"@id\":\"https:\\\/\\\/micro-esthetique.com\\\/en\\\/#organization\",\"name\":\"ESME Esth\u00e9tique\",\"url\":\"https:\\\/\\\/micro-esthetique.com\\\/en\\\/\",\"logo\":{\"@type\":\"ImageObject\",\"inLanguage\":\"en-US\",\"@id\":\"https:\\\/\\\/micro-esthetique.com\\\/en\\\/#\\\/schema\\\/logo\\\/image\\\/\",\"url\":\"https:\\\/\\\/micro-esthetique.com\\\/wp-content\\\/uploads\\\/2024\\\/11\\\/placeholder2.jpg\",\"contentUrl\":\"https:\\\/\\\/micro-esthetique.com\\\/wp-content\\\/uploads\\\/2024\\\/11\\\/placeholder2.jpg\",\"width\":1000,\"height\":1000,\"caption\":\"ESME Esth\u00e9tique\"},\"image\":{\"@id\":\"https:\\\/\\\/micro-esthetique.com\\\/en\\\/#\\\/schema\\\/logo\\\/image\\\/\"},\"sameAs\":[\"https:\\\/\\\/www.facebook.com\\\/microtrolyse\\\/\",\"https:\\\/\\\/www.instagram.com\\\/esme_esthetique\\\/\"]}]}<\/script>\n<!-- \/ Yoast SEO plugin. -->","yoast_head_json":{"title":"Cart_en - ESME Esth\u00e9tique","robots":{"index":"index","follow":"follow","max-snippet":"max-snippet:-1","max-image-preview":"max-image-preview:large","max-video-preview":"max-video-preview:-1"},"canonical":"https:\/\/micro-esthetique.com\/en\/cart\/","og_locale":"en_US","og_type":"article","og_title":"Cart_en - ESME Esth\u00e9tique","og_description":"You may be interested in\u2026 Your cart is currently empty! New in store Sup. Image Titre Prix Quantit\u00e9 Total GANT RENAISSANCE \u2013 BRIQUE &#36;36.00 quantit\u00e9 de GANT RENAISSANCE \u2013 BRIQUE&nbsp; &#36;36.00 S\u00c9RUM ABSOLUT LUMINOUS &#36;153.00 quantit\u00e9 de S\u00c9RUM ABSOLUT LUMINOUS&nbsp; &#36;153.00 Classic Body SPF 50 Lotion Sans Parfum Coola &#36;52.00 quantit\u00e9 de Classic Body SPF [&hellip;]","og_url":"https:\/\/micro-esthetique.com\/en\/cart\/","og_site_name":"ESME Esth\u00e9tique","article_publisher":"https:\/\/www.facebook.com\/microtrolyse\/","article_modified_time":"2024-10-30T14:33:08+00:00","og_image":[{"url":"https:\/\/dev1.micro-esthetique.com\/wp-content\/uploads\/2024\/10\/DSC09574-300x300.jpg","type":"","width":"","height":""}],"twitter_card":"summary_large_image","twitter_misc":{"Est. reading time":"1 minute"},"schema":{"@context":"https:\/\/schema.org","@graph":[{"@type":"WebPage","@id":"https:\/\/micro-esthetique.com\/en\/cart\/","url":"https:\/\/micro-esthetique.com\/en\/cart\/","name":"Cart_en - ESME Esth\u00e9tique","isPartOf":{"@id":"https:\/\/micro-esthetique.com\/en\/#website"},"primaryImageOfPage":{"@id":"https:\/\/micro-esthetique.com\/en\/cart\/#primaryimage"},"image":{"@id":"https:\/\/micro-esthetique.com\/en\/cart\/#primaryimage"},"thumbnailUrl":"https:\/\/dev1.micro-esthetique.com\/wp-content\/uploads\/2024\/10\/DSC09574-300x300.jpg","datePublished":"2024-09-24T19:56:26+00:00","dateModified":"2024-10-30T14:33:08+00:00","breadcrumb":{"@id":"https:\/\/micro-esthetique.com\/en\/cart\/#breadcrumb"},"inLanguage":"en-US","potentialAction":[{"@type":"ReadAction","target":["https:\/\/micro-esthetique.com\/en\/cart\/"]}]},{"@type":"ImageObject","inLanguage":"en-US","@id":"https:\/\/micro-esthetique.com\/en\/cart\/#primaryimage","url":"https:\/\/dev1.micro-esthetique.com\/wp-content\/uploads\/2024\/10\/DSC09574-300x300.jpg","contentUrl":"https:\/\/dev1.micro-esthetique.com\/wp-content\/uploads\/2024\/10\/DSC09574-300x300.jpg"},{"@type":"BreadcrumbList","@id":"https:\/\/micro-esthetique.com\/en\/cart\/#breadcrumb","itemListElement":[{"@type":"ListItem","position":1,"name":"Accueil","item":"https:\/\/micro-esthetique.com\/en\/"},{"@type":"ListItem","position":2,"name":"Cart_en"}]},{"@type":"WebSite","@id":"https:\/\/micro-esthetique.com\/en\/#website","url":"https:\/\/micro-esthetique.com\/en\/","name":"ESME Esth\u00e9tique","description":"","publisher":{"@id":"https:\/\/micro-esthetique.com\/en\/#organization"},"potentialAction":[{"@type":"SearchAction","target":{"@type":"EntryPoint","urlTemplate":"https:\/\/micro-esthetique.com\/en\/?s={search_term_string}"},"query-input":{"@type":"PropertyValueSpecification","valueRequired":true,"valueName":"search_term_string"}}],"inLanguage":"en-US"},{"@type":"Organization","@id":"https:\/\/micro-esthetique.com\/en\/#organization","name":"ESME Esth\u00e9tique","url":"https:\/\/micro-esthetique.com\/en\/","logo":{"@type":"ImageObject","inLanguage":"en-US","@id":"https:\/\/micro-esthetique.com\/en\/#\/schema\/logo\/image\/","url":"https:\/\/micro-esthetique.com\/wp-content\/uploads\/2024\/11\/placeholder2.jpg","contentUrl":"https:\/\/micro-esthetique.com\/wp-content\/uploads\/2024\/11\/placeholder2.jpg","width":1000,"height":1000,"caption":"ESME Esth\u00e9tique"},"image":{"@id":"https:\/\/micro-esthetique.com\/en\/#\/schema\/logo\/image\/"},"sameAs":["https:\/\/www.facebook.com\/microtrolyse\/","https:\/\/www.instagram.com\/esme_esthetique\/"]}]}},"_links":{"self":[{"href":"https:\/\/micro-esthetique.com\/en\/wp-json\/wp\/v2\/pages\/6692","targetHints":{"allow":["GET"]}}],"collection":[{"href":"https:\/\/micro-esthetique.com\/en\/wp-json\/wp\/v2\/pages"}],"about":[{"href":"https:\/\/micro-esthetique.com\/en\/wp-json\/wp\/v2\/types\/page"}],"author":[{"embeddable":true,"href":"https:\/\/micro-esthetique.com\/en\/wp-json\/wp\/v2\/users\/2"}],"replies":[{"embeddable":true,"href":"https:\/\/micro-esthetique.com\/en\/wp-json\/wp\/v2\/comments?post=6692"}],"version-history":[{"count":4,"href":"https:\/\/micro-esthetique.com\/en\/wp-json\/wp\/v2\/pages\/6692\/revisions"}],"predecessor-version":[{"id":9089,"href":"https:\/\/micro-esthetique.com\/en\/wp-json\/wp\/v2\/pages\/6692\/revisions\/9089"}],"wp:attachment":[{"href":"https:\/\/micro-esthetique.com\/en\/wp-json\/wp\/v2\/media?parent=6692"}],"curies":[{"name":"wp","href":"https:\/\/api.w.org\/{rel}","templated":true}]}}