{"id":11134,"date":"2024-11-20T17:59:01","date_gmt":"2024-11-20T21:59:01","guid":{"rendered":"https:\/\/micro-esthetique.com\/product\/g-m-collin-4d-visible-lifting-serum\/"},"modified":"2024-11-20T17:59:01","modified_gmt":"2024-11-20T21:59:01","slug":"g-m-collin-4d-visible-lifting-serum","status":"publish","type":"product","link":"https:\/\/micro-esthetique.com\/en\/product\/g-m-collin-4d-visible-lifting-serum\/","title":{"rendered":"G.M. COLLIN 4D Visible lifting Serum"},"content":{"rendered":"<p>Specifically formulated to act on the neck and d\u00e9collet\u00e9. Enhances skin tone and elasticity for an immediate tightening effect. Reduces the appearance of wrinkles while improving skin texture. Neck and d\u00e9collet\u00e9 anti-aging serum.   <\/p>\n","protected":false},"excerpt":{"rendered":"<p>Specifically formulated to act on the neck and d\u00e9collet\u00e9. Enhances skin tone and elasticity for an immediate tightening effect. Reduces the appearance of wrinkles while improving skin texture. Neck and d\u00e9collet\u00e9 anti-aging serum.<\/p>\n","protected":false},"featured_media":10350,"template":"","meta":{"_acf_changed":false},"product_brand":[],"product_cat":[143,142,111],"product_tag":[],"class_list":{"0":"post-11134","1":"product","2":"type-product","3":"status-publish","4":"has-post-thumbnail","6":"product_cat-anti-age","7":"product_cat-g-m-collin-en","8":"product_cat-serums-en","10":"first","11":"instock","12":"taxable","13":"shipping-taxable","14":"purchasable","15":"product-type-simple"},"acf":[],"yoast_head":"<!-- This site is optimized with the Yoast SEO plugin v27.3 - https:\/\/yoast.com\/product\/yoast-seo-wordpress\/ -->\n<title>G.M. COLLIN 4D Visible lifting Serum - ESME Esth\u00e9tique<\/title>\n<meta name=\"robots\" content=\"index, follow, max-snippet:-1, max-image-preview:large, max-video-preview:-1\" \/>\n<link rel=\"canonical\" href=\"https:\/\/micro-esthetique.com\/en\/product\/g-m-collin-4d-visible-lifting-serum\/\" \/>\n<meta property=\"og:locale\" content=\"en_US\" \/>\n<meta property=\"og:type\" content=\"article\" \/>\n<meta property=\"og:title\" content=\"G.M. COLLIN 4D Visible lifting Serum - ESME Esth\u00e9tique\" \/>\n<meta property=\"og:description\" content=\"Specifically formulated to act on the neck and d\u00e9collet\u00e9. Enhances skin tone and elasticity for an immediate tightening effect. Reduces the appearance of wrinkles while improving skin texture. Neck and d\u00e9collet\u00e9 anti-aging serum.\" \/>\n<meta property=\"og:url\" content=\"https:\/\/micro-esthetique.com\/en\/product\/g-m-collin-4d-visible-lifting-serum\/\" \/>\n<meta property=\"og:site_name\" content=\"ESME Esth\u00e9tique\" \/>\n<meta property=\"article:publisher\" content=\"https:\/\/www.facebook.com\/microtrolyse\/\" \/>\n<meta property=\"og:image\" content=\"https:\/\/micro-esthetique.com\/wp-content\/uploads\/2024\/11\/4D-Visible-Lifting-Serum.png\" \/>\n\t<meta property=\"og:image:width\" content=\"1800\" \/>\n\t<meta property=\"og:image:height\" content=\"1800\" \/>\n\t<meta property=\"og:image:type\" content=\"image\/png\" \/>\n<meta name=\"twitter:card\" content=\"summary_large_image\" \/>\n<script type=\"application\/ld+json\" class=\"yoast-schema-graph\">{\"@context\":\"https:\\\/\\\/schema.org\",\"@graph\":[{\"@type\":\"WebPage\",\"@id\":\"https:\\\/\\\/micro-esthetique.com\\\/en\\\/product\\\/g-m-collin-4d-visible-lifting-serum\\\/\",\"url\":\"https:\\\/\\\/micro-esthetique.com\\\/en\\\/product\\\/g-m-collin-4d-visible-lifting-serum\\\/\",\"name\":\"G.M. COLLIN 4D Visible lifting Serum - ESME Esth\u00e9tique\",\"isPartOf\":{\"@id\":\"https:\\\/\\\/micro-esthetique.com\\\/en\\\/#website\"},\"primaryImageOfPage\":{\"@id\":\"https:\\\/\\\/micro-esthetique.com\\\/en\\\/product\\\/g-m-collin-4d-visible-lifting-serum\\\/#primaryimage\"},\"image\":{\"@id\":\"https:\\\/\\\/micro-esthetique.com\\\/en\\\/product\\\/g-m-collin-4d-visible-lifting-serum\\\/#primaryimage\"},\"thumbnailUrl\":\"https:\\\/\\\/micro-esthetique.com\\\/wp-content\\\/uploads\\\/2024\\\/11\\\/4D-Visible-Lifting-Serum.png\",\"datePublished\":\"2024-11-20T21:59:01+00:00\",\"breadcrumb\":{\"@id\":\"https:\\\/\\\/micro-esthetique.com\\\/en\\\/product\\\/g-m-collin-4d-visible-lifting-serum\\\/#breadcrumb\"},\"inLanguage\":\"en-US\",\"potentialAction\":[{\"@type\":\"ReadAction\",\"target\":[\"https:\\\/\\\/micro-esthetique.com\\\/en\\\/product\\\/g-m-collin-4d-visible-lifting-serum\\\/\"]}]},{\"@type\":\"ImageObject\",\"inLanguage\":\"en-US\",\"@id\":\"https:\\\/\\\/micro-esthetique.com\\\/en\\\/product\\\/g-m-collin-4d-visible-lifting-serum\\\/#primaryimage\",\"url\":\"https:\\\/\\\/micro-esthetique.com\\\/wp-content\\\/uploads\\\/2024\\\/11\\\/4D-Visible-Lifting-Serum.png\",\"contentUrl\":\"https:\\\/\\\/micro-esthetique.com\\\/wp-content\\\/uploads\\\/2024\\\/11\\\/4D-Visible-Lifting-Serum.png\",\"width\":1800,\"height\":1800},{\"@type\":\"BreadcrumbList\",\"@id\":\"https:\\\/\\\/micro-esthetique.com\\\/en\\\/product\\\/g-m-collin-4d-visible-lifting-serum\\\/#breadcrumb\",\"itemListElement\":[{\"@type\":\"ListItem\",\"position\":1,\"name\":\"Accueil\",\"item\":\"https:\\\/\\\/micro-esthetique.com\\\/en\\\/\"},{\"@type\":\"ListItem\",\"position\":2,\"name\":\"Boutique\",\"item\":\"https:\\\/\\\/micro-esthetique.com\\\/boutique-produits\\\/\"},{\"@type\":\"ListItem\",\"position\":3,\"name\":\"G.M. COLLIN 4D Visible lifting Serum\"}]},{\"@type\":\"WebSite\",\"@id\":\"https:\\\/\\\/micro-esthetique.com\\\/en\\\/#website\",\"url\":\"https:\\\/\\\/micro-esthetique.com\\\/en\\\/\",\"name\":\"ESME Esth\u00e9tique\",\"description\":\"\",\"publisher\":{\"@id\":\"https:\\\/\\\/micro-esthetique.com\\\/en\\\/#organization\"},\"potentialAction\":[{\"@type\":\"SearchAction\",\"target\":{\"@type\":\"EntryPoint\",\"urlTemplate\":\"https:\\\/\\\/micro-esthetique.com\\\/en\\\/?s={search_term_string}\"},\"query-input\":{\"@type\":\"PropertyValueSpecification\",\"valueRequired\":true,\"valueName\":\"search_term_string\"}}],\"inLanguage\":\"en-US\"},{\"@type\":\"Organization\",\"@id\":\"https:\\\/\\\/micro-esthetique.com\\\/en\\\/#organization\",\"name\":\"ESME Esth\u00e9tique\",\"url\":\"https:\\\/\\\/micro-esthetique.com\\\/en\\\/\",\"logo\":{\"@type\":\"ImageObject\",\"inLanguage\":\"en-US\",\"@id\":\"https:\\\/\\\/micro-esthetique.com\\\/en\\\/#\\\/schema\\\/logo\\\/image\\\/\",\"url\":\"https:\\\/\\\/micro-esthetique.com\\\/wp-content\\\/uploads\\\/2024\\\/11\\\/placeholder2.jpg\",\"contentUrl\":\"https:\\\/\\\/micro-esthetique.com\\\/wp-content\\\/uploads\\\/2024\\\/11\\\/placeholder2.jpg\",\"width\":1000,\"height\":1000,\"caption\":\"ESME Esth\u00e9tique\"},\"image\":{\"@id\":\"https:\\\/\\\/micro-esthetique.com\\\/en\\\/#\\\/schema\\\/logo\\\/image\\\/\"},\"sameAs\":[\"https:\\\/\\\/www.facebook.com\\\/microtrolyse\\\/\",\"https:\\\/\\\/www.instagram.com\\\/esme_esthetique\\\/\"]}]}<\/script>\n<!-- \/ Yoast SEO plugin. -->","yoast_head_json":{"title":"G.M. COLLIN 4D Visible lifting Serum - ESME Esth\u00e9tique","robots":{"index":"index","follow":"follow","max-snippet":"max-snippet:-1","max-image-preview":"max-image-preview:large","max-video-preview":"max-video-preview:-1"},"canonical":"https:\/\/micro-esthetique.com\/en\/product\/g-m-collin-4d-visible-lifting-serum\/","og_locale":"en_US","og_type":"article","og_title":"G.M. COLLIN 4D Visible lifting Serum - ESME Esth\u00e9tique","og_description":"Specifically formulated to act on the neck and d\u00e9collet\u00e9. Enhances skin tone and elasticity for an immediate tightening effect. Reduces the appearance of wrinkles while improving skin texture. Neck and d\u00e9collet\u00e9 anti-aging serum.","og_url":"https:\/\/micro-esthetique.com\/en\/product\/g-m-collin-4d-visible-lifting-serum\/","og_site_name":"ESME Esth\u00e9tique","article_publisher":"https:\/\/www.facebook.com\/microtrolyse\/","og_image":[{"width":1800,"height":1800,"url":"https:\/\/micro-esthetique.com\/wp-content\/uploads\/2024\/11\/4D-Visible-Lifting-Serum.png","type":"image\/png"}],"twitter_card":"summary_large_image","schema":{"@context":"https:\/\/schema.org","@graph":[{"@type":"WebPage","@id":"https:\/\/micro-esthetique.com\/en\/product\/g-m-collin-4d-visible-lifting-serum\/","url":"https:\/\/micro-esthetique.com\/en\/product\/g-m-collin-4d-visible-lifting-serum\/","name":"G.M. COLLIN 4D Visible lifting Serum - ESME Esth\u00e9tique","isPartOf":{"@id":"https:\/\/micro-esthetique.com\/en\/#website"},"primaryImageOfPage":{"@id":"https:\/\/micro-esthetique.com\/en\/product\/g-m-collin-4d-visible-lifting-serum\/#primaryimage"},"image":{"@id":"https:\/\/micro-esthetique.com\/en\/product\/g-m-collin-4d-visible-lifting-serum\/#primaryimage"},"thumbnailUrl":"https:\/\/micro-esthetique.com\/wp-content\/uploads\/2024\/11\/4D-Visible-Lifting-Serum.png","datePublished":"2024-11-20T21:59:01+00:00","breadcrumb":{"@id":"https:\/\/micro-esthetique.com\/en\/product\/g-m-collin-4d-visible-lifting-serum\/#breadcrumb"},"inLanguage":"en-US","potentialAction":[{"@type":"ReadAction","target":["https:\/\/micro-esthetique.com\/en\/product\/g-m-collin-4d-visible-lifting-serum\/"]}]},{"@type":"ImageObject","inLanguage":"en-US","@id":"https:\/\/micro-esthetique.com\/en\/product\/g-m-collin-4d-visible-lifting-serum\/#primaryimage","url":"https:\/\/micro-esthetique.com\/wp-content\/uploads\/2024\/11\/4D-Visible-Lifting-Serum.png","contentUrl":"https:\/\/micro-esthetique.com\/wp-content\/uploads\/2024\/11\/4D-Visible-Lifting-Serum.png","width":1800,"height":1800},{"@type":"BreadcrumbList","@id":"https:\/\/micro-esthetique.com\/en\/product\/g-m-collin-4d-visible-lifting-serum\/#breadcrumb","itemListElement":[{"@type":"ListItem","position":1,"name":"Accueil","item":"https:\/\/micro-esthetique.com\/en\/"},{"@type":"ListItem","position":2,"name":"Boutique","item":"https:\/\/micro-esthetique.com\/boutique-produits\/"},{"@type":"ListItem","position":3,"name":"G.M. COLLIN 4D Visible lifting Serum"}]},{"@type":"WebSite","@id":"https:\/\/micro-esthetique.com\/en\/#website","url":"https:\/\/micro-esthetique.com\/en\/","name":"ESME Esth\u00e9tique","description":"","publisher":{"@id":"https:\/\/micro-esthetique.com\/en\/#organization"},"potentialAction":[{"@type":"SearchAction","target":{"@type":"EntryPoint","urlTemplate":"https:\/\/micro-esthetique.com\/en\/?s={search_term_string}"},"query-input":{"@type":"PropertyValueSpecification","valueRequired":true,"valueName":"search_term_string"}}],"inLanguage":"en-US"},{"@type":"Organization","@id":"https:\/\/micro-esthetique.com\/en\/#organization","name":"ESME Esth\u00e9tique","url":"https:\/\/micro-esthetique.com\/en\/","logo":{"@type":"ImageObject","inLanguage":"en-US","@id":"https:\/\/micro-esthetique.com\/en\/#\/schema\/logo\/image\/","url":"https:\/\/micro-esthetique.com\/wp-content\/uploads\/2024\/11\/placeholder2.jpg","contentUrl":"https:\/\/micro-esthetique.com\/wp-content\/uploads\/2024\/11\/placeholder2.jpg","width":1000,"height":1000,"caption":"ESME Esth\u00e9tique"},"image":{"@id":"https:\/\/micro-esthetique.com\/en\/#\/schema\/logo\/image\/"},"sameAs":["https:\/\/www.facebook.com\/microtrolyse\/","https:\/\/www.instagram.com\/esme_esthetique\/"]}]}},"_links":{"self":[{"href":"https:\/\/micro-esthetique.com\/en\/wp-json\/wp\/v2\/product\/11134","targetHints":{"allow":["GET"]}}],"collection":[{"href":"https:\/\/micro-esthetique.com\/en\/wp-json\/wp\/v2\/product"}],"about":[{"href":"https:\/\/micro-esthetique.com\/en\/wp-json\/wp\/v2\/types\/product"}],"wp:featuredmedia":[{"embeddable":true,"href":"https:\/\/micro-esthetique.com\/en\/wp-json\/wp\/v2\/media\/10350"}],"wp:attachment":[{"href":"https:\/\/micro-esthetique.com\/en\/wp-json\/wp\/v2\/media?parent=11134"}],"wp:term":[{"taxonomy":"product_brand","embeddable":true,"href":"https:\/\/micro-esthetique.com\/en\/wp-json\/wp\/v2\/product_brand?post=11134"},{"taxonomy":"product_cat","embeddable":true,"href":"https:\/\/micro-esthetique.com\/en\/wp-json\/wp\/v2\/product_cat?post=11134"},{"taxonomy":"product_tag","embeddable":true,"href":"https:\/\/micro-esthetique.com\/en\/wp-json\/wp\/v2\/product_tag?post=11134"}],"curies":[{"name":"wp","href":"https:\/\/api.w.org\/{rel}","templated":true}]}}