{"id":9434,"date":"2024-10-17T20:22:09","date_gmt":"2024-10-18T00:22:09","guid":{"rendered":"https:\/\/dev1.micro-esthetique.com\/product\/serum-absolut-rehydrate-luzern\/"},"modified":"2024-10-17T20:22:09","modified_gmt":"2024-10-18T00:22:09","slug":"serum-absolut-rehydrate-luzern","status":"publish","type":"product","link":"https:\/\/micro-esthetique.com\/en\/product\/serum-absolut-rehydrate-luzern\/","title":{"rendered":"S\u00e9rum Absolut R\u00e9hydrate Luzern"},"content":{"rendered":"<p>A lightweight, fast-absorbing serum for dry, dehydrated skin. This dual-action formula delivers powerful levels of low-molecular-weight hyaluronic acid and panthenol, quickly helping to boost skin&#8217;s moisture levels. Niacinamide and lipids help plump dehydrated skin while helping to replenish vital moisture.  <\/p>\n<p><strong>Benefits:<\/strong><\/p>\n<ul>\n<li>Moisturizes with high levels of hyaluronic acid and panthenol.<\/li>\n<li>Replenishes the hydrolipidic layer, prevents water loss and improves hydration levels.<\/li>\n<li>Renews radiance and plumps dehydrated skin.<\/li>\n<\/ul>\n<p>Skin types: dry and dehydrated skin. Combination and oily skin types receive long-lasting hydration without feeling heavy. <\/p>\n","protected":false},"excerpt":{"rendered":"<p>A lightweight, fast-absorbing serum for dry, dehydrated skin. This dual-action formula delivers powerful levels of low-molecular-weight hyaluronic acid and panthenol, quickly helping to boost skin&#8217;s moisture levels. Niacinamide and lipids help plump dehydrated skin while helping to replenish vital moisture. Benefits: Moisturizes with high levels of hyaluronic acid and panthenol. Replenishes the hydrolipidic layer, prevents [&hellip;]<\/p>\n","protected":false},"featured_media":7684,"template":"","meta":{"_acf_changed":false},"product_brand":[],"product_cat":[104,111],"product_tag":[],"class_list":{"0":"post-9434","1":"product","2":"type-product","3":"status-publish","4":"has-post-thumbnail","6":"product_cat-luzern-en","7":"product_cat-serums-en","9":"first","10":"instock","11":"taxable","12":"shipping-taxable","13":"purchasable","14":"product-type-simple"},"acf":[],"yoast_head":"<!-- This site is optimized with the Yoast SEO plugin v26.6 - https:\/\/yoast.com\/wordpress\/plugins\/seo\/ -->\n<title>S\u00e9rum Absolut R\u00e9hydrate Luzern - ESME Esth\u00e9tique<\/title>\n<meta name=\"description\" content=\"A light, fast-absorbing serum. This dual-action formula quickly helps boost skin&#039;s moisture levels.\" \/>\n<meta name=\"robots\" content=\"index, follow, max-snippet:-1, max-image-preview:large, max-video-preview:-1\" \/>\n<link rel=\"canonical\" href=\"https:\/\/micro-esthetique.com\/en\/product\/serum-absolut-rehydrate-luzern\/\" \/>\n<meta property=\"og:locale\" content=\"en_US\" \/>\n<meta property=\"og:type\" content=\"article\" \/>\n<meta property=\"og:title\" content=\"S\u00e9rum Absolut R\u00e9hydrate Luzern - ESME Esth\u00e9tique\" \/>\n<meta property=\"og:description\" content=\"A light, fast-absorbing serum. This dual-action formula quickly helps boost skin&#039;s moisture levels.\" \/>\n<meta property=\"og:url\" content=\"https:\/\/micro-esthetique.com\/en\/product\/serum-absolut-rehydrate-luzern\/\" \/>\n<meta property=\"og:site_name\" content=\"ESME Esth\u00e9tique\" \/>\n<meta property=\"article:publisher\" content=\"https:\/\/www.facebook.com\/microtrolyse\/\" \/>\n<meta property=\"og:image\" content=\"https:\/\/micro-esthetique.com\/wp-content\/uploads\/2024\/10\/Serum-rehydrate-Luzern.jpg\" \/>\n\t<meta property=\"og:image:width\" content=\"1000\" \/>\n\t<meta property=\"og:image:height\" content=\"1000\" \/>\n\t<meta property=\"og:image:type\" content=\"image\/jpeg\" \/>\n<meta name=\"twitter:card\" content=\"summary_large_image\" \/>\n<script type=\"application\/ld+json\" class=\"yoast-schema-graph\">{\"@context\":\"https:\/\/schema.org\",\"@graph\":[{\"@type\":\"WebPage\",\"@id\":\"https:\/\/micro-esthetique.com\/en\/product\/serum-absolut-rehydrate-luzern\/\",\"url\":\"https:\/\/micro-esthetique.com\/en\/product\/serum-absolut-rehydrate-luzern\/\",\"name\":\"S\u00e9rum Absolut R\u00e9hydrate Luzern - ESME Esth\u00e9tique\",\"isPartOf\":{\"@id\":\"https:\/\/micro-esthetique.com\/en\/#website\"},\"primaryImageOfPage\":{\"@id\":\"https:\/\/micro-esthetique.com\/en\/product\/serum-absolut-rehydrate-luzern\/#primaryimage\"},\"image\":{\"@id\":\"https:\/\/micro-esthetique.com\/en\/product\/serum-absolut-rehydrate-luzern\/#primaryimage\"},\"thumbnailUrl\":\"https:\/\/micro-esthetique.com\/wp-content\/uploads\/2024\/10\/Serum-rehydrate-Luzern.jpg\",\"datePublished\":\"2024-10-18T00:22:09+00:00\",\"description\":\"A light, fast-absorbing serum. This dual-action formula quickly helps boost skin's moisture levels.\",\"breadcrumb\":{\"@id\":\"https:\/\/micro-esthetique.com\/en\/product\/serum-absolut-rehydrate-luzern\/#breadcrumb\"},\"inLanguage\":\"en-US\",\"potentialAction\":[{\"@type\":\"ReadAction\",\"target\":[\"https:\/\/micro-esthetique.com\/en\/product\/serum-absolut-rehydrate-luzern\/\"]}]},{\"@type\":\"ImageObject\",\"inLanguage\":\"en-US\",\"@id\":\"https:\/\/micro-esthetique.com\/en\/product\/serum-absolut-rehydrate-luzern\/#primaryimage\",\"url\":\"https:\/\/micro-esthetique.com\/wp-content\/uploads\/2024\/10\/Serum-rehydrate-Luzern.jpg\",\"contentUrl\":\"https:\/\/micro-esthetique.com\/wp-content\/uploads\/2024\/10\/Serum-rehydrate-Luzern.jpg\",\"width\":1000,\"height\":1000},{\"@type\":\"BreadcrumbList\",\"@id\":\"https:\/\/micro-esthetique.com\/en\/product\/serum-absolut-rehydrate-luzern\/#breadcrumb\",\"itemListElement\":[{\"@type\":\"ListItem\",\"position\":1,\"name\":\"Accueil\",\"item\":\"https:\/\/micro-esthetique.com\/en\/\"},{\"@type\":\"ListItem\",\"position\":2,\"name\":\"Boutique\",\"item\":\"https:\/\/micro-esthetique.com\/boutique-produits\/\"},{\"@type\":\"ListItem\",\"position\":3,\"name\":\"S\u00e9rum Absolut R\u00e9hydrate Luzern\"}]},{\"@type\":\"WebSite\",\"@id\":\"https:\/\/micro-esthetique.com\/en\/#website\",\"url\":\"https:\/\/micro-esthetique.com\/en\/\",\"name\":\"ESME Esth\u00e9tique\",\"description\":\"\",\"publisher\":{\"@id\":\"https:\/\/micro-esthetique.com\/en\/#organization\"},\"potentialAction\":[{\"@type\":\"SearchAction\",\"target\":{\"@type\":\"EntryPoint\",\"urlTemplate\":\"https:\/\/micro-esthetique.com\/en\/?s={search_term_string}\"},\"query-input\":{\"@type\":\"PropertyValueSpecification\",\"valueRequired\":true,\"valueName\":\"search_term_string\"}}],\"inLanguage\":\"en-US\"},{\"@type\":\"Organization\",\"@id\":\"https:\/\/micro-esthetique.com\/en\/#organization\",\"name\":\"ESME Esth\u00e9tique\",\"url\":\"https:\/\/micro-esthetique.com\/en\/\",\"logo\":{\"@type\":\"ImageObject\",\"inLanguage\":\"en-US\",\"@id\":\"https:\/\/micro-esthetique.com\/en\/#\/schema\/logo\/image\/\",\"url\":\"https:\/\/micro-esthetique.com\/wp-content\/uploads\/2024\/11\/placeholder2.jpg\",\"contentUrl\":\"https:\/\/micro-esthetique.com\/wp-content\/uploads\/2024\/11\/placeholder2.jpg\",\"width\":1000,\"height\":1000,\"caption\":\"ESME Esth\u00e9tique\"},\"image\":{\"@id\":\"https:\/\/micro-esthetique.com\/en\/#\/schema\/logo\/image\/\"},\"sameAs\":[\"https:\/\/www.facebook.com\/microtrolyse\/\",\"https:\/\/www.instagram.com\/esme_esthetique\/\"]}]}<\/script>\n<!-- \/ Yoast SEO plugin. -->","yoast_head_json":{"title":"S\u00e9rum Absolut R\u00e9hydrate Luzern - ESME Esth\u00e9tique","description":"A light, fast-absorbing serum. This dual-action formula quickly helps boost skin's moisture levels.","robots":{"index":"index","follow":"follow","max-snippet":"max-snippet:-1","max-image-preview":"max-image-preview:large","max-video-preview":"max-video-preview:-1"},"canonical":"https:\/\/micro-esthetique.com\/en\/product\/serum-absolut-rehydrate-luzern\/","og_locale":"en_US","og_type":"article","og_title":"S\u00e9rum Absolut R\u00e9hydrate Luzern - ESME Esth\u00e9tique","og_description":"A light, fast-absorbing serum. This dual-action formula quickly helps boost skin's moisture levels.","og_url":"https:\/\/micro-esthetique.com\/en\/product\/serum-absolut-rehydrate-luzern\/","og_site_name":"ESME Esth\u00e9tique","article_publisher":"https:\/\/www.facebook.com\/microtrolyse\/","og_image":[{"width":1000,"height":1000,"url":"https:\/\/micro-esthetique.com\/wp-content\/uploads\/2024\/10\/Serum-rehydrate-Luzern.jpg","type":"image\/jpeg"}],"twitter_card":"summary_large_image","schema":{"@context":"https:\/\/schema.org","@graph":[{"@type":"WebPage","@id":"https:\/\/micro-esthetique.com\/en\/product\/serum-absolut-rehydrate-luzern\/","url":"https:\/\/micro-esthetique.com\/en\/product\/serum-absolut-rehydrate-luzern\/","name":"S\u00e9rum Absolut R\u00e9hydrate Luzern - ESME Esth\u00e9tique","isPartOf":{"@id":"https:\/\/micro-esthetique.com\/en\/#website"},"primaryImageOfPage":{"@id":"https:\/\/micro-esthetique.com\/en\/product\/serum-absolut-rehydrate-luzern\/#primaryimage"},"image":{"@id":"https:\/\/micro-esthetique.com\/en\/product\/serum-absolut-rehydrate-luzern\/#primaryimage"},"thumbnailUrl":"https:\/\/micro-esthetique.com\/wp-content\/uploads\/2024\/10\/Serum-rehydrate-Luzern.jpg","datePublished":"2024-10-18T00:22:09+00:00","description":"A light, fast-absorbing serum. This dual-action formula quickly helps boost skin's moisture levels.","breadcrumb":{"@id":"https:\/\/micro-esthetique.com\/en\/product\/serum-absolut-rehydrate-luzern\/#breadcrumb"},"inLanguage":"en-US","potentialAction":[{"@type":"ReadAction","target":["https:\/\/micro-esthetique.com\/en\/product\/serum-absolut-rehydrate-luzern\/"]}]},{"@type":"ImageObject","inLanguage":"en-US","@id":"https:\/\/micro-esthetique.com\/en\/product\/serum-absolut-rehydrate-luzern\/#primaryimage","url":"https:\/\/micro-esthetique.com\/wp-content\/uploads\/2024\/10\/Serum-rehydrate-Luzern.jpg","contentUrl":"https:\/\/micro-esthetique.com\/wp-content\/uploads\/2024\/10\/Serum-rehydrate-Luzern.jpg","width":1000,"height":1000},{"@type":"BreadcrumbList","@id":"https:\/\/micro-esthetique.com\/en\/product\/serum-absolut-rehydrate-luzern\/#breadcrumb","itemListElement":[{"@type":"ListItem","position":1,"name":"Accueil","item":"https:\/\/micro-esthetique.com\/en\/"},{"@type":"ListItem","position":2,"name":"Boutique","item":"https:\/\/micro-esthetique.com\/boutique-produits\/"},{"@type":"ListItem","position":3,"name":"S\u00e9rum Absolut R\u00e9hydrate Luzern"}]},{"@type":"WebSite","@id":"https:\/\/micro-esthetique.com\/en\/#website","url":"https:\/\/micro-esthetique.com\/en\/","name":"ESME Esth\u00e9tique","description":"","publisher":{"@id":"https:\/\/micro-esthetique.com\/en\/#organization"},"potentialAction":[{"@type":"SearchAction","target":{"@type":"EntryPoint","urlTemplate":"https:\/\/micro-esthetique.com\/en\/?s={search_term_string}"},"query-input":{"@type":"PropertyValueSpecification","valueRequired":true,"valueName":"search_term_string"}}],"inLanguage":"en-US"},{"@type":"Organization","@id":"https:\/\/micro-esthetique.com\/en\/#organization","name":"ESME Esth\u00e9tique","url":"https:\/\/micro-esthetique.com\/en\/","logo":{"@type":"ImageObject","inLanguage":"en-US","@id":"https:\/\/micro-esthetique.com\/en\/#\/schema\/logo\/image\/","url":"https:\/\/micro-esthetique.com\/wp-content\/uploads\/2024\/11\/placeholder2.jpg","contentUrl":"https:\/\/micro-esthetique.com\/wp-content\/uploads\/2024\/11\/placeholder2.jpg","width":1000,"height":1000,"caption":"ESME Esth\u00e9tique"},"image":{"@id":"https:\/\/micro-esthetique.com\/en\/#\/schema\/logo\/image\/"},"sameAs":["https:\/\/www.facebook.com\/microtrolyse\/","https:\/\/www.instagram.com\/esme_esthetique\/"]}]}},"_links":{"self":[{"href":"https:\/\/micro-esthetique.com\/en\/wp-json\/wp\/v2\/product\/9434","targetHints":{"allow":["GET"]}}],"collection":[{"href":"https:\/\/micro-esthetique.com\/en\/wp-json\/wp\/v2\/product"}],"about":[{"href":"https:\/\/micro-esthetique.com\/en\/wp-json\/wp\/v2\/types\/product"}],"wp:featuredmedia":[{"embeddable":true,"href":"https:\/\/micro-esthetique.com\/en\/wp-json\/wp\/v2\/media\/7684"}],"wp:attachment":[{"href":"https:\/\/micro-esthetique.com\/en\/wp-json\/wp\/v2\/media?parent=9434"}],"wp:term":[{"taxonomy":"product_brand","embeddable":true,"href":"https:\/\/micro-esthetique.com\/en\/wp-json\/wp\/v2\/product_brand?post=9434"},{"taxonomy":"product_cat","embeddable":true,"href":"https:\/\/micro-esthetique.com\/en\/wp-json\/wp\/v2\/product_cat?post=9434"},{"taxonomy":"product_tag","embeddable":true,"href":"https:\/\/micro-esthetique.com\/en\/wp-json\/wp\/v2\/product_tag?post=9434"}],"curies":[{"name":"wp","href":"https:\/\/api.w.org\/{rel}","templated":true}]}}