{"id":9444,"date":"2024-10-17T20:21:46","date_gmt":"2024-10-18T00:21:46","guid":{"rendered":"https:\/\/dev1.micro-esthetique.com\/product\/rosilliance-bb-mineral-cream-spf-30-coola-golden-hour\/"},"modified":"2024-10-17T20:21:46","modified_gmt":"2024-10-18T00:21:46","slug":"rosilliance-bb-mineral-cream-spf-30-coola-golden-hour","status":"publish","type":"product","link":"https:\/\/micro-esthetique.com\/en\/product\/rosilliance-bb-mineral-cream-spf-30-coola-golden-hour\/","title":{"rendered":"R\u00f4silliance BB+ Mineral Cream SPF 30 Coola- Golden hour"},"content":{"rendered":"<h2>R\u00f4silliance BB+ Mineral Cream SPF 30 Coola<\/h2>\n<p>R\u00f4silliance BB+ Tinted Moisturizer with SPF 30 revives your skin&#8217;s natural radiance, leaving it looking young and healthy. Our broad-spectrum SPF 30 mineral formula gives the impression of wearing nothing at all, and its delicate hue covers imperfections. Natural sweet rose fragrance. Free from animal products. Dermatologist-tested.    <\/p>\n","protected":false},"excerpt":{"rendered":"<p>R\u00f4silliance BB+ Mineral Cream SPF 30 Coola R\u00f4silliance BB+ Tinted Moisturizer with SPF 30 revives your skin&#8217;s natural radiance, leaving it looking young and healthy. Our broad-spectrum SPF 30 mineral formula gives the impression of wearing nothing at all, and its delicate hue covers imperfections. Natural sweet rose fragrance. Free from animal products. Dermatologist-tested.<\/p>\n","protected":false},"featured_media":7562,"template":"","meta":{"_acf_changed":false},"product_brand":[],"product_cat":[103,109],"product_tag":[],"class_list":{"0":"post-9444","1":"product","2":"type-product","3":"status-publish","4":"has-post-thumbnail","6":"product_cat-coola-en","7":"product_cat-sun-care-products-en","9":"first","10":"instock","11":"taxable","12":"shipping-taxable","13":"purchasable","14":"product-type-simple"},"acf":[],"yoast_head":"<!-- This site is optimized with the Yoast SEO plugin v26.6 - https:\/\/yoast.com\/wordpress\/plugins\/seo\/ -->\n<title>R\u00f4silliance BB+ Mineral Cream SPF 30 Coola- Golden hour - ESME Esth\u00e9tique<\/title>\n<meta name=\"robots\" content=\"index, follow, max-snippet:-1, max-image-preview:large, max-video-preview:-1\" \/>\n<link rel=\"canonical\" href=\"https:\/\/micro-esthetique.com\/en\/product\/rosilliance-bb-mineral-cream-spf-30-coola-golden-hour\/\" \/>\n<meta property=\"og:locale\" content=\"en_US\" \/>\n<meta property=\"og:type\" content=\"article\" \/>\n<meta property=\"og:title\" content=\"R\u00f4silliance BB+ Mineral Cream SPF 30 Coola- Golden hour - ESME Esth\u00e9tique\" \/>\n<meta property=\"og:description\" content=\"R\u00f4silliance BB+ Mineral Cream SPF 30 Coola R\u00f4silliance BB+ Tinted Moisturizer with SPF 30 revives your skin&#8217;s natural radiance, leaving it looking young and healthy. Our broad-spectrum SPF 30 mineral formula gives the impression of wearing nothing at all, and its delicate hue covers imperfections. Natural sweet rose fragrance. Free from animal products. Dermatologist-tested.\" \/>\n<meta property=\"og:url\" content=\"https:\/\/micro-esthetique.com\/en\/product\/rosilliance-bb-mineral-cream-spf-30-coola-golden-hour\/\" \/>\n<meta property=\"og:site_name\" content=\"ESME Esth\u00e9tique\" \/>\n<meta property=\"article:publisher\" content=\"https:\/\/www.facebook.com\/microtrolyse\/\" \/>\n<meta property=\"og:image\" content=\"https:\/\/micro-esthetique.com\/wp-content\/uploads\/2024\/10\/Rosilliance-BB-creme-teinte-FPS-30-aux-mineraux.jpg\" \/>\n\t<meta property=\"og:image:width\" content=\"1000\" \/>\n\t<meta property=\"og:image:height\" content=\"1000\" \/>\n\t<meta property=\"og:image:type\" content=\"image\/jpeg\" \/>\n<meta name=\"twitter:card\" content=\"summary_large_image\" \/>\n<script type=\"application\/ld+json\" class=\"yoast-schema-graph\">{\"@context\":\"https:\/\/schema.org\",\"@graph\":[{\"@type\":\"WebPage\",\"@id\":\"https:\/\/micro-esthetique.com\/en\/product\/rosilliance-bb-mineral-cream-spf-30-coola-golden-hour\/\",\"url\":\"https:\/\/micro-esthetique.com\/en\/product\/rosilliance-bb-mineral-cream-spf-30-coola-golden-hour\/\",\"name\":\"R\u00f4silliance BB+ Mineral Cream SPF 30 Coola- Golden hour - ESME Esth\u00e9tique\",\"isPartOf\":{\"@id\":\"https:\/\/micro-esthetique.com\/en\/#website\"},\"primaryImageOfPage\":{\"@id\":\"https:\/\/micro-esthetique.com\/en\/product\/rosilliance-bb-mineral-cream-spf-30-coola-golden-hour\/#primaryimage\"},\"image\":{\"@id\":\"https:\/\/micro-esthetique.com\/en\/product\/rosilliance-bb-mineral-cream-spf-30-coola-golden-hour\/#primaryimage\"},\"thumbnailUrl\":\"https:\/\/micro-esthetique.com\/wp-content\/uploads\/2024\/10\/Rosilliance-BB-creme-teinte-FPS-30-aux-mineraux.jpg\",\"datePublished\":\"2024-10-18T00:21:46+00:00\",\"breadcrumb\":{\"@id\":\"https:\/\/micro-esthetique.com\/en\/product\/rosilliance-bb-mineral-cream-spf-30-coola-golden-hour\/#breadcrumb\"},\"inLanguage\":\"en-US\",\"potentialAction\":[{\"@type\":\"ReadAction\",\"target\":[\"https:\/\/micro-esthetique.com\/en\/product\/rosilliance-bb-mineral-cream-spf-30-coola-golden-hour\/\"]}]},{\"@type\":\"ImageObject\",\"inLanguage\":\"en-US\",\"@id\":\"https:\/\/micro-esthetique.com\/en\/product\/rosilliance-bb-mineral-cream-spf-30-coola-golden-hour\/#primaryimage\",\"url\":\"https:\/\/micro-esthetique.com\/wp-content\/uploads\/2024\/10\/Rosilliance-BB-creme-teinte-FPS-30-aux-mineraux.jpg\",\"contentUrl\":\"https:\/\/micro-esthetique.com\/wp-content\/uploads\/2024\/10\/Rosilliance-BB-creme-teinte-FPS-30-aux-mineraux.jpg\",\"width\":1000,\"height\":1000},{\"@type\":\"BreadcrumbList\",\"@id\":\"https:\/\/micro-esthetique.com\/en\/product\/rosilliance-bb-mineral-cream-spf-30-coola-golden-hour\/#breadcrumb\",\"itemListElement\":[{\"@type\":\"ListItem\",\"position\":1,\"name\":\"Accueil\",\"item\":\"https:\/\/micro-esthetique.com\/en\/\"},{\"@type\":\"ListItem\",\"position\":2,\"name\":\"Boutique\",\"item\":\"https:\/\/micro-esthetique.com\/boutique-produits\/\"},{\"@type\":\"ListItem\",\"position\":3,\"name\":\"R\u00f4silliance BB+ Mineral Cream SPF 30 Coola- Golden hour\"}]},{\"@type\":\"WebSite\",\"@id\":\"https:\/\/micro-esthetique.com\/en\/#website\",\"url\":\"https:\/\/micro-esthetique.com\/en\/\",\"name\":\"ESME Esth\u00e9tique\",\"description\":\"\",\"publisher\":{\"@id\":\"https:\/\/micro-esthetique.com\/en\/#organization\"},\"potentialAction\":[{\"@type\":\"SearchAction\",\"target\":{\"@type\":\"EntryPoint\",\"urlTemplate\":\"https:\/\/micro-esthetique.com\/en\/?s={search_term_string}\"},\"query-input\":{\"@type\":\"PropertyValueSpecification\",\"valueRequired\":true,\"valueName\":\"search_term_string\"}}],\"inLanguage\":\"en-US\"},{\"@type\":\"Organization\",\"@id\":\"https:\/\/micro-esthetique.com\/en\/#organization\",\"name\":\"ESME Esth\u00e9tique\",\"url\":\"https:\/\/micro-esthetique.com\/en\/\",\"logo\":{\"@type\":\"ImageObject\",\"inLanguage\":\"en-US\",\"@id\":\"https:\/\/micro-esthetique.com\/en\/#\/schema\/logo\/image\/\",\"url\":\"https:\/\/micro-esthetique.com\/wp-content\/uploads\/2024\/11\/placeholder2.jpg\",\"contentUrl\":\"https:\/\/micro-esthetique.com\/wp-content\/uploads\/2024\/11\/placeholder2.jpg\",\"width\":1000,\"height\":1000,\"caption\":\"ESME Esth\u00e9tique\"},\"image\":{\"@id\":\"https:\/\/micro-esthetique.com\/en\/#\/schema\/logo\/image\/\"},\"sameAs\":[\"https:\/\/www.facebook.com\/microtrolyse\/\",\"https:\/\/www.instagram.com\/esme_esthetique\/\"]}]}<\/script>\n<!-- \/ Yoast SEO plugin. -->","yoast_head_json":{"title":"R\u00f4silliance BB+ Mineral Cream SPF 30 Coola- Golden hour - ESME Esth\u00e9tique","robots":{"index":"index","follow":"follow","max-snippet":"max-snippet:-1","max-image-preview":"max-image-preview:large","max-video-preview":"max-video-preview:-1"},"canonical":"https:\/\/micro-esthetique.com\/en\/product\/rosilliance-bb-mineral-cream-spf-30-coola-golden-hour\/","og_locale":"en_US","og_type":"article","og_title":"R\u00f4silliance BB+ Mineral Cream SPF 30 Coola- Golden hour - ESME Esth\u00e9tique","og_description":"R\u00f4silliance BB+ Mineral Cream SPF 30 Coola R\u00f4silliance BB+ Tinted Moisturizer with SPF 30 revives your skin&#8217;s natural radiance, leaving it looking young and healthy. Our broad-spectrum SPF 30 mineral formula gives the impression of wearing nothing at all, and its delicate hue covers imperfections. Natural sweet rose fragrance. Free from animal products. Dermatologist-tested.","og_url":"https:\/\/micro-esthetique.com\/en\/product\/rosilliance-bb-mineral-cream-spf-30-coola-golden-hour\/","og_site_name":"ESME Esth\u00e9tique","article_publisher":"https:\/\/www.facebook.com\/microtrolyse\/","og_image":[{"width":1000,"height":1000,"url":"https:\/\/micro-esthetique.com\/wp-content\/uploads\/2024\/10\/Rosilliance-BB-creme-teinte-FPS-30-aux-mineraux.jpg","type":"image\/jpeg"}],"twitter_card":"summary_large_image","schema":{"@context":"https:\/\/schema.org","@graph":[{"@type":"WebPage","@id":"https:\/\/micro-esthetique.com\/en\/product\/rosilliance-bb-mineral-cream-spf-30-coola-golden-hour\/","url":"https:\/\/micro-esthetique.com\/en\/product\/rosilliance-bb-mineral-cream-spf-30-coola-golden-hour\/","name":"R\u00f4silliance BB+ Mineral Cream SPF 30 Coola- Golden hour - ESME Esth\u00e9tique","isPartOf":{"@id":"https:\/\/micro-esthetique.com\/en\/#website"},"primaryImageOfPage":{"@id":"https:\/\/micro-esthetique.com\/en\/product\/rosilliance-bb-mineral-cream-spf-30-coola-golden-hour\/#primaryimage"},"image":{"@id":"https:\/\/micro-esthetique.com\/en\/product\/rosilliance-bb-mineral-cream-spf-30-coola-golden-hour\/#primaryimage"},"thumbnailUrl":"https:\/\/micro-esthetique.com\/wp-content\/uploads\/2024\/10\/Rosilliance-BB-creme-teinte-FPS-30-aux-mineraux.jpg","datePublished":"2024-10-18T00:21:46+00:00","breadcrumb":{"@id":"https:\/\/micro-esthetique.com\/en\/product\/rosilliance-bb-mineral-cream-spf-30-coola-golden-hour\/#breadcrumb"},"inLanguage":"en-US","potentialAction":[{"@type":"ReadAction","target":["https:\/\/micro-esthetique.com\/en\/product\/rosilliance-bb-mineral-cream-spf-30-coola-golden-hour\/"]}]},{"@type":"ImageObject","inLanguage":"en-US","@id":"https:\/\/micro-esthetique.com\/en\/product\/rosilliance-bb-mineral-cream-spf-30-coola-golden-hour\/#primaryimage","url":"https:\/\/micro-esthetique.com\/wp-content\/uploads\/2024\/10\/Rosilliance-BB-creme-teinte-FPS-30-aux-mineraux.jpg","contentUrl":"https:\/\/micro-esthetique.com\/wp-content\/uploads\/2024\/10\/Rosilliance-BB-creme-teinte-FPS-30-aux-mineraux.jpg","width":1000,"height":1000},{"@type":"BreadcrumbList","@id":"https:\/\/micro-esthetique.com\/en\/product\/rosilliance-bb-mineral-cream-spf-30-coola-golden-hour\/#breadcrumb","itemListElement":[{"@type":"ListItem","position":1,"name":"Accueil","item":"https:\/\/micro-esthetique.com\/en\/"},{"@type":"ListItem","position":2,"name":"Boutique","item":"https:\/\/micro-esthetique.com\/boutique-produits\/"},{"@type":"ListItem","position":3,"name":"R\u00f4silliance BB+ Mineral Cream SPF 30 Coola- Golden hour"}]},{"@type":"WebSite","@id":"https:\/\/micro-esthetique.com\/en\/#website","url":"https:\/\/micro-esthetique.com\/en\/","name":"ESME Esth\u00e9tique","description":"","publisher":{"@id":"https:\/\/micro-esthetique.com\/en\/#organization"},"potentialAction":[{"@type":"SearchAction","target":{"@type":"EntryPoint","urlTemplate":"https:\/\/micro-esthetique.com\/en\/?s={search_term_string}"},"query-input":{"@type":"PropertyValueSpecification","valueRequired":true,"valueName":"search_term_string"}}],"inLanguage":"en-US"},{"@type":"Organization","@id":"https:\/\/micro-esthetique.com\/en\/#organization","name":"ESME Esth\u00e9tique","url":"https:\/\/micro-esthetique.com\/en\/","logo":{"@type":"ImageObject","inLanguage":"en-US","@id":"https:\/\/micro-esthetique.com\/en\/#\/schema\/logo\/image\/","url":"https:\/\/micro-esthetique.com\/wp-content\/uploads\/2024\/11\/placeholder2.jpg","contentUrl":"https:\/\/micro-esthetique.com\/wp-content\/uploads\/2024\/11\/placeholder2.jpg","width":1000,"height":1000,"caption":"ESME Esth\u00e9tique"},"image":{"@id":"https:\/\/micro-esthetique.com\/en\/#\/schema\/logo\/image\/"},"sameAs":["https:\/\/www.facebook.com\/microtrolyse\/","https:\/\/www.instagram.com\/esme_esthetique\/"]}]}},"_links":{"self":[{"href":"https:\/\/micro-esthetique.com\/en\/wp-json\/wp\/v2\/product\/9444","targetHints":{"allow":["GET"]}}],"collection":[{"href":"https:\/\/micro-esthetique.com\/en\/wp-json\/wp\/v2\/product"}],"about":[{"href":"https:\/\/micro-esthetique.com\/en\/wp-json\/wp\/v2\/types\/product"}],"wp:featuredmedia":[{"embeddable":true,"href":"https:\/\/micro-esthetique.com\/en\/wp-json\/wp\/v2\/media\/7562"}],"wp:attachment":[{"href":"https:\/\/micro-esthetique.com\/en\/wp-json\/wp\/v2\/media?parent=9444"}],"wp:term":[{"taxonomy":"product_brand","embeddable":true,"href":"https:\/\/micro-esthetique.com\/en\/wp-json\/wp\/v2\/product_brand?post=9444"},{"taxonomy":"product_cat","embeddable":true,"href":"https:\/\/micro-esthetique.com\/en\/wp-json\/wp\/v2\/product_cat?post=9444"},{"taxonomy":"product_tag","embeddable":true,"href":"https:\/\/micro-esthetique.com\/en\/wp-json\/wp\/v2\/product_tag?post=9444"}],"curies":[{"name":"wp","href":"https:\/\/api.w.org\/{rel}","templated":true}]}}