{"id":9445,"date":"2024-10-17T20:21:46","date_gmt":"2024-10-18T00:21:46","guid":{"rendered":"https:\/\/dev1.micro-esthetique.com\/product\/firming-mist\/"},"modified":"2024-10-17T20:21:46","modified_gmt":"2024-10-18T00:21:46","slug":"firming-mist","status":"publish","type":"product","link":"https:\/\/micro-esthetique.com\/en\/product\/firming-mist\/","title":{"rendered":"Firming mist"},"content":{"rendered":"<p>This refreshing mist visibly firms, moisturizes and gives your skin an instant radiance boost. A stem cell complex from a rare organic Swiss Alpine flower that survived the Ice Age is combined with hyaluronic acid, antioxidant-rich organic Swiss Alpine products and mineral-rich Alpine waters to produce a formula that makes skin look and feel more hydrated, lifted and radiant all day long. <\/p>\n<pre><span class=\"Y2IQFc\">\n* l\u00e9g\u00e8rement parfum\u00e9 \u00e0 la citronnelle fra\u00eeche et d'origine naturelle et \u00e0 la verveine citronn\u00e9e\n\nVISIBILIT\u00c9 FERME &amp; BOOSTE L'\u00c9CLAT DE LA PEAU\n\nHydrate et ravive instantan\u00e9ment la peau\nAugmente l'apparence de la fermet\u00e9 et de l'\u00e9lasticit\u00e9 de la peau\nFournit une hydratation rafra\u00eechissante et une protection antioxydante\nAffine et am\u00e9liore la texture de la peau et augmente l'\u00e9clat\n \n \nPour tous les types de peau.<\/span><\/pre>\n","protected":false},"excerpt":{"rendered":"<p>This refreshing mist visibly firms, moisturizes and gives your skin an instant radiance boost. A stem cell complex from a rare organic Swiss Alpine flower that survived the Ice Age is combined with hyaluronic acid, antioxidant-rich organic Swiss Alpine products and mineral-rich Alpine waters to produce a formula that makes skin look and feel more [&hellip;]<\/p>\n","protected":false},"featured_media":7574,"template":"","meta":{"_acf_changed":false},"product_brand":[],"product_cat":[104],"product_tag":[],"class_list":{"0":"post-9445","1":"product","2":"type-product","3":"status-publish","4":"has-post-thumbnail","6":"product_cat-luzern-en","8":"first","9":"instock","10":"taxable","11":"shipping-taxable","12":"purchasable","13":"product-type-simple"},"acf":[],"yoast_head":"<!-- This site is optimized with the Yoast SEO plugin v26.6 - https:\/\/yoast.com\/wordpress\/plugins\/seo\/ -->\n<title>Firming mist - ESME Esth\u00e9tique<\/title>\n<meta name=\"description\" content=\"This refreshing mist visibly firms, moisturizes and gives your skin an instant radiance boost. Stem cell complex.\" \/>\n<meta name=\"robots\" content=\"index, follow, max-snippet:-1, max-image-preview:large, max-video-preview:-1\" \/>\n<link rel=\"canonical\" href=\"https:\/\/micro-esthetique.com\/en\/product\/firming-mist\/\" \/>\n<meta property=\"og:locale\" content=\"en_US\" \/>\n<meta property=\"og:type\" content=\"article\" \/>\n<meta property=\"og:title\" content=\"Firming mist - ESME Esth\u00e9tique\" \/>\n<meta property=\"og:description\" content=\"This refreshing mist visibly firms, moisturizes and gives your skin an instant radiance boost. Stem cell complex.\" \/>\n<meta property=\"og:url\" content=\"https:\/\/micro-esthetique.com\/en\/product\/firming-mist\/\" \/>\n<meta property=\"og:site_name\" content=\"ESME Esth\u00e9tique\" \/>\n<meta property=\"article:publisher\" content=\"https:\/\/www.facebook.com\/microtrolyse\/\" \/>\n<meta property=\"og:image\" content=\"https:\/\/micro-esthetique.com\/wp-content\/uploads\/2024\/10\/Brume-raffermissante-Luzern.jpg\" \/>\n\t<meta property=\"og:image:width\" content=\"1000\" \/>\n\t<meta property=\"og:image:height\" content=\"1000\" \/>\n\t<meta property=\"og:image:type\" content=\"image\/jpeg\" \/>\n<meta name=\"twitter:card\" content=\"summary_large_image\" \/>\n<meta name=\"twitter:label1\" content=\"Est. reading time\" \/>\n\t<meta name=\"twitter:data1\" content=\"1 minute\" \/>\n<script type=\"application\/ld+json\" class=\"yoast-schema-graph\">{\"@context\":\"https:\/\/schema.org\",\"@graph\":[{\"@type\":\"WebPage\",\"@id\":\"https:\/\/micro-esthetique.com\/en\/product\/firming-mist\/\",\"url\":\"https:\/\/micro-esthetique.com\/en\/product\/firming-mist\/\",\"name\":\"Firming mist - ESME Esth\u00e9tique\",\"isPartOf\":{\"@id\":\"https:\/\/micro-esthetique.com\/en\/#website\"},\"primaryImageOfPage\":{\"@id\":\"https:\/\/micro-esthetique.com\/en\/product\/firming-mist\/#primaryimage\"},\"image\":{\"@id\":\"https:\/\/micro-esthetique.com\/en\/product\/firming-mist\/#primaryimage\"},\"thumbnailUrl\":\"https:\/\/micro-esthetique.com\/wp-content\/uploads\/2024\/10\/Brume-raffermissante-Luzern.jpg\",\"datePublished\":\"2024-10-18T00:21:46+00:00\",\"description\":\"This refreshing mist visibly firms, moisturizes and gives your skin an instant radiance boost. Stem cell complex.\",\"breadcrumb\":{\"@id\":\"https:\/\/micro-esthetique.com\/en\/product\/firming-mist\/#breadcrumb\"},\"inLanguage\":\"en-US\",\"potentialAction\":[{\"@type\":\"ReadAction\",\"target\":[\"https:\/\/micro-esthetique.com\/en\/product\/firming-mist\/\"]}]},{\"@type\":\"ImageObject\",\"inLanguage\":\"en-US\",\"@id\":\"https:\/\/micro-esthetique.com\/en\/product\/firming-mist\/#primaryimage\",\"url\":\"https:\/\/micro-esthetique.com\/wp-content\/uploads\/2024\/10\/Brume-raffermissante-Luzern.jpg\",\"contentUrl\":\"https:\/\/micro-esthetique.com\/wp-content\/uploads\/2024\/10\/Brume-raffermissante-Luzern.jpg\",\"width\":1000,\"height\":1000},{\"@type\":\"BreadcrumbList\",\"@id\":\"https:\/\/micro-esthetique.com\/en\/product\/firming-mist\/#breadcrumb\",\"itemListElement\":[{\"@type\":\"ListItem\",\"position\":1,\"name\":\"Accueil\",\"item\":\"https:\/\/micro-esthetique.com\/en\/\"},{\"@type\":\"ListItem\",\"position\":2,\"name\":\"Boutique\",\"item\":\"https:\/\/micro-esthetique.com\/boutique-produits\/\"},{\"@type\":\"ListItem\",\"position\":3,\"name\":\"Firming mist\"}]},{\"@type\":\"WebSite\",\"@id\":\"https:\/\/micro-esthetique.com\/en\/#website\",\"url\":\"https:\/\/micro-esthetique.com\/en\/\",\"name\":\"ESME Esth\u00e9tique\",\"description\":\"\",\"publisher\":{\"@id\":\"https:\/\/micro-esthetique.com\/en\/#organization\"},\"potentialAction\":[{\"@type\":\"SearchAction\",\"target\":{\"@type\":\"EntryPoint\",\"urlTemplate\":\"https:\/\/micro-esthetique.com\/en\/?s={search_term_string}\"},\"query-input\":{\"@type\":\"PropertyValueSpecification\",\"valueRequired\":true,\"valueName\":\"search_term_string\"}}],\"inLanguage\":\"en-US\"},{\"@type\":\"Organization\",\"@id\":\"https:\/\/micro-esthetique.com\/en\/#organization\",\"name\":\"ESME Esth\u00e9tique\",\"url\":\"https:\/\/micro-esthetique.com\/en\/\",\"logo\":{\"@type\":\"ImageObject\",\"inLanguage\":\"en-US\",\"@id\":\"https:\/\/micro-esthetique.com\/en\/#\/schema\/logo\/image\/\",\"url\":\"https:\/\/micro-esthetique.com\/wp-content\/uploads\/2024\/11\/placeholder2.jpg\",\"contentUrl\":\"https:\/\/micro-esthetique.com\/wp-content\/uploads\/2024\/11\/placeholder2.jpg\",\"width\":1000,\"height\":1000,\"caption\":\"ESME Esth\u00e9tique\"},\"image\":{\"@id\":\"https:\/\/micro-esthetique.com\/en\/#\/schema\/logo\/image\/\"},\"sameAs\":[\"https:\/\/www.facebook.com\/microtrolyse\/\",\"https:\/\/www.instagram.com\/esme_esthetique\/\"]}]}<\/script>\n<!-- \/ Yoast SEO plugin. -->","yoast_head_json":{"title":"Firming mist - ESME Esth\u00e9tique","description":"This refreshing mist visibly firms, moisturizes and gives your skin an instant radiance boost. Stem cell complex.","robots":{"index":"index","follow":"follow","max-snippet":"max-snippet:-1","max-image-preview":"max-image-preview:large","max-video-preview":"max-video-preview:-1"},"canonical":"https:\/\/micro-esthetique.com\/en\/product\/firming-mist\/","og_locale":"en_US","og_type":"article","og_title":"Firming mist - ESME Esth\u00e9tique","og_description":"This refreshing mist visibly firms, moisturizes and gives your skin an instant radiance boost. Stem cell complex.","og_url":"https:\/\/micro-esthetique.com\/en\/product\/firming-mist\/","og_site_name":"ESME Esth\u00e9tique","article_publisher":"https:\/\/www.facebook.com\/microtrolyse\/","og_image":[{"width":1000,"height":1000,"url":"https:\/\/micro-esthetique.com\/wp-content\/uploads\/2024\/10\/Brume-raffermissante-Luzern.jpg","type":"image\/jpeg"}],"twitter_card":"summary_large_image","twitter_misc":{"Est. reading time":"1 minute"},"schema":{"@context":"https:\/\/schema.org","@graph":[{"@type":"WebPage","@id":"https:\/\/micro-esthetique.com\/en\/product\/firming-mist\/","url":"https:\/\/micro-esthetique.com\/en\/product\/firming-mist\/","name":"Firming mist - ESME Esth\u00e9tique","isPartOf":{"@id":"https:\/\/micro-esthetique.com\/en\/#website"},"primaryImageOfPage":{"@id":"https:\/\/micro-esthetique.com\/en\/product\/firming-mist\/#primaryimage"},"image":{"@id":"https:\/\/micro-esthetique.com\/en\/product\/firming-mist\/#primaryimage"},"thumbnailUrl":"https:\/\/micro-esthetique.com\/wp-content\/uploads\/2024\/10\/Brume-raffermissante-Luzern.jpg","datePublished":"2024-10-18T00:21:46+00:00","description":"This refreshing mist visibly firms, moisturizes and gives your skin an instant radiance boost. Stem cell complex.","breadcrumb":{"@id":"https:\/\/micro-esthetique.com\/en\/product\/firming-mist\/#breadcrumb"},"inLanguage":"en-US","potentialAction":[{"@type":"ReadAction","target":["https:\/\/micro-esthetique.com\/en\/product\/firming-mist\/"]}]},{"@type":"ImageObject","inLanguage":"en-US","@id":"https:\/\/micro-esthetique.com\/en\/product\/firming-mist\/#primaryimage","url":"https:\/\/micro-esthetique.com\/wp-content\/uploads\/2024\/10\/Brume-raffermissante-Luzern.jpg","contentUrl":"https:\/\/micro-esthetique.com\/wp-content\/uploads\/2024\/10\/Brume-raffermissante-Luzern.jpg","width":1000,"height":1000},{"@type":"BreadcrumbList","@id":"https:\/\/micro-esthetique.com\/en\/product\/firming-mist\/#breadcrumb","itemListElement":[{"@type":"ListItem","position":1,"name":"Accueil","item":"https:\/\/micro-esthetique.com\/en\/"},{"@type":"ListItem","position":2,"name":"Boutique","item":"https:\/\/micro-esthetique.com\/boutique-produits\/"},{"@type":"ListItem","position":3,"name":"Firming mist"}]},{"@type":"WebSite","@id":"https:\/\/micro-esthetique.com\/en\/#website","url":"https:\/\/micro-esthetique.com\/en\/","name":"ESME Esth\u00e9tique","description":"","publisher":{"@id":"https:\/\/micro-esthetique.com\/en\/#organization"},"potentialAction":[{"@type":"SearchAction","target":{"@type":"EntryPoint","urlTemplate":"https:\/\/micro-esthetique.com\/en\/?s={search_term_string}"},"query-input":{"@type":"PropertyValueSpecification","valueRequired":true,"valueName":"search_term_string"}}],"inLanguage":"en-US"},{"@type":"Organization","@id":"https:\/\/micro-esthetique.com\/en\/#organization","name":"ESME Esth\u00e9tique","url":"https:\/\/micro-esthetique.com\/en\/","logo":{"@type":"ImageObject","inLanguage":"en-US","@id":"https:\/\/micro-esthetique.com\/en\/#\/schema\/logo\/image\/","url":"https:\/\/micro-esthetique.com\/wp-content\/uploads\/2024\/11\/placeholder2.jpg","contentUrl":"https:\/\/micro-esthetique.com\/wp-content\/uploads\/2024\/11\/placeholder2.jpg","width":1000,"height":1000,"caption":"ESME Esth\u00e9tique"},"image":{"@id":"https:\/\/micro-esthetique.com\/en\/#\/schema\/logo\/image\/"},"sameAs":["https:\/\/www.facebook.com\/microtrolyse\/","https:\/\/www.instagram.com\/esme_esthetique\/"]}]}},"_links":{"self":[{"href":"https:\/\/micro-esthetique.com\/en\/wp-json\/wp\/v2\/product\/9445","targetHints":{"allow":["GET"]}}],"collection":[{"href":"https:\/\/micro-esthetique.com\/en\/wp-json\/wp\/v2\/product"}],"about":[{"href":"https:\/\/micro-esthetique.com\/en\/wp-json\/wp\/v2\/types\/product"}],"wp:featuredmedia":[{"embeddable":true,"href":"https:\/\/micro-esthetique.com\/en\/wp-json\/wp\/v2\/media\/7574"}],"wp:attachment":[{"href":"https:\/\/micro-esthetique.com\/en\/wp-json\/wp\/v2\/media?parent=9445"}],"wp:term":[{"taxonomy":"product_brand","embeddable":true,"href":"https:\/\/micro-esthetique.com\/en\/wp-json\/wp\/v2\/product_brand?post=9445"},{"taxonomy":"product_cat","embeddable":true,"href":"https:\/\/micro-esthetique.com\/en\/wp-json\/wp\/v2\/product_cat?post=9445"},{"taxonomy":"product_tag","embeddable":true,"href":"https:\/\/micro-esthetique.com\/en\/wp-json\/wp\/v2\/product_tag?post=9445"}],"curies":[{"name":"wp","href":"https:\/\/api.w.org\/{rel}","templated":true}]}}