{"id":9451,"date":"2024-10-17T20:21:45","date_gmt":"2024-10-18T00:21:45","guid":{"rendered":"https:\/\/dev1.micro-esthetique.com\/product\/cellular-serum\/"},"modified":"2024-10-17T20:21:45","modified_gmt":"2024-10-18T00:21:45","slug":"cellular-serum","status":"publish","type":"product","link":"https:\/\/micro-esthetique.com\/en\/product\/cellular-serum\/","title":{"rendered":"Cellular serum"},"content":{"rendered":"<p>Anti-pollution serum with densifying\u2020and vector-like 3D lifting effects, restoring a radiant, luminous lifted appearance. Anti-gravity fusion serum restores a youthful appearance <\/p>\n<div><strong>Description<\/strong><\/div>\n<div>\n<p>At the heart of its formulation are plant stem cells with visible anti-ageing effects that, through hydration, promote resistance to pollutant aggressions. Formulated with biotech hyaluronic acid, red pepper stem cells, bacterial ferment lysates and yoghurt extract. <\/p>\n<div>\n<div>\n<ul>\n<li>Glass bottle with pipette<\/li>\n<li>Gel texture<\/li>\n<li>Anti-pollution<\/li>\n<li>3D facelift<\/li>\n<li>Illuminates the skin<\/li>\n<li>Anti-aging<\/li>\n<\/ul>\n<\/div>\n<\/div>\n<p><strong><span class=\"type\">Instructions for use<\/span><\/strong><\/p>\n<div>\n<p>First, apply the Cr\u00e8me Int\u00e9grale Contour des Yeux and your Cr\u00e8me de soin to your face. Then pour a full pipette of serum into your hand. Apply a dab of serum to the following seven areas: forehead + upper eyelid of each eye + each cheek + chin + neck. Then massage the serum into the skin until completely absorbed.   <\/p>\n<\/div>\n<p><strong><span class=\"type\">Selected ingredients<\/span><\/strong><\/p>\n<div>\n<p>Derived from probiotic technologies. Lactococcus fermentation lysate<br \/>\nAnti-ageing, fights visible signs of skin ageing. Improves skin quality and strengthens the skin&#8217;s barrier function. Supports the skin&#8217;s natural defenses. Yogurt powder<br \/>\nHighly moisturizing, it promotes skin firming and restores a healthy appearance. Plant stem cells extracted from Phaseolus radiatus meristem<br \/>\nAnti-pollution action. Resistance to pollutant aggressions. Anti-ageing action restores a youthful appearance. Globularia Cordifolia cell culture extract<br \/>\nHelps repair the cutaneous barrier and promotes the skin&#8217;s natural defenses. Restores a healthy, luminous complexion. Suspension of stimulated meristematic red pepper cells Visible densifying action that transforms skin elasticity and tone (lifted appearance) through hydration. Natural cosmeceutical biotechnology. Hyaluronic acid<br \/>\nbiotech extract of small molecular weight. Fights visible signs of skin aging. Moisturizing and softening organic Hibiscus water (Hibiscus Sabdariffa) helps restore the skin&#8217;s barrier functions.              <\/p>\n<\/div>\n<\/div>\n","protected":false},"excerpt":{"rendered":"<p>Anti-pollution serum with densifying\u2020and vector-like 3D lifting effects, restoring a radiant, luminous lifted appearance. Anti-gravity fusion serum restores a youthful appearance Description At the heart of its formulation are plant stem cells with visible anti-ageing effects that, through hydration, promote resistance to pollutant aggressions. Formulated with biotech hyaluronic acid, red pepper stem cells, bacterial ferment [&hellip;]<\/p>\n","protected":false},"featured_media":7542,"template":"","meta":{"_acf_changed":false},"product_brand":[],"product_cat":[101,111],"product_tag":[],"class_list":{"0":"post-9451","1":"product","2":"type-product","3":"status-publish","4":"has-post-thumbnail","6":"product_cat-aquafolia-en","7":"product_cat-serums-en","9":"first","10":"instock","11":"taxable","12":"shipping-taxable","13":"purchasable","14":"product-type-simple"},"acf":[],"yoast_head":"<!-- This site is optimized with the Yoast SEO plugin v26.6 - https:\/\/yoast.com\/wordpress\/plugins\/seo\/ -->\n<title>Cellular serum - ESME Esth\u00e9tique<\/title>\n<meta name=\"description\" content=\"Anti-pollution serum with 3D densifying\u2020and vector-like lifting effects, restoring a radiant, luminous lifted appearance.\" \/>\n<meta name=\"robots\" content=\"index, follow, max-snippet:-1, max-image-preview:large, max-video-preview:-1\" \/>\n<link rel=\"canonical\" href=\"https:\/\/micro-esthetique.com\/en\/product\/cellular-serum\/\" \/>\n<meta property=\"og:locale\" content=\"en_US\" \/>\n<meta property=\"og:type\" content=\"article\" \/>\n<meta property=\"og:title\" content=\"Cellular serum - ESME Esth\u00e9tique\" \/>\n<meta property=\"og:description\" content=\"Anti-pollution serum with 3D densifying\u2020and vector-like lifting effects, restoring a radiant, luminous lifted appearance.\" \/>\n<meta property=\"og:url\" content=\"https:\/\/micro-esthetique.com\/en\/product\/cellular-serum\/\" \/>\n<meta property=\"og:site_name\" content=\"ESME Esth\u00e9tique\" \/>\n<meta property=\"article:publisher\" content=\"https:\/\/www.facebook.com\/microtrolyse\/\" \/>\n<meta property=\"og:image\" content=\"https:\/\/micro-esthetique.com\/wp-content\/uploads\/2024\/10\/DSC09538.jpg\" \/>\n\t<meta property=\"og:image:width\" content=\"1000\" \/>\n\t<meta property=\"og:image:height\" content=\"1000\" \/>\n\t<meta property=\"og:image:type\" content=\"image\/jpeg\" \/>\n<meta name=\"twitter:card\" content=\"summary_large_image\" \/>\n<meta name=\"twitter:label1\" content=\"Est. reading time\" \/>\n\t<meta name=\"twitter:data1\" content=\"1 minute\" \/>\n<script type=\"application\/ld+json\" class=\"yoast-schema-graph\">{\"@context\":\"https:\/\/schema.org\",\"@graph\":[{\"@type\":\"WebPage\",\"@id\":\"https:\/\/micro-esthetique.com\/en\/product\/cellular-serum\/\",\"url\":\"https:\/\/micro-esthetique.com\/en\/product\/cellular-serum\/\",\"name\":\"Cellular serum - ESME Esth\u00e9tique\",\"isPartOf\":{\"@id\":\"https:\/\/micro-esthetique.com\/en\/#website\"},\"primaryImageOfPage\":{\"@id\":\"https:\/\/micro-esthetique.com\/en\/product\/cellular-serum\/#primaryimage\"},\"image\":{\"@id\":\"https:\/\/micro-esthetique.com\/en\/product\/cellular-serum\/#primaryimage\"},\"thumbnailUrl\":\"https:\/\/micro-esthetique.com\/wp-content\/uploads\/2024\/10\/DSC09538.jpg\",\"datePublished\":\"2024-10-18T00:21:45+00:00\",\"description\":\"Anti-pollution serum with 3D densifying\u2020and vector-like lifting effects, restoring a radiant, luminous lifted appearance.\",\"breadcrumb\":{\"@id\":\"https:\/\/micro-esthetique.com\/en\/product\/cellular-serum\/#breadcrumb\"},\"inLanguage\":\"en-US\",\"potentialAction\":[{\"@type\":\"ReadAction\",\"target\":[\"https:\/\/micro-esthetique.com\/en\/product\/cellular-serum\/\"]}]},{\"@type\":\"ImageObject\",\"inLanguage\":\"en-US\",\"@id\":\"https:\/\/micro-esthetique.com\/en\/product\/cellular-serum\/#primaryimage\",\"url\":\"https:\/\/micro-esthetique.com\/wp-content\/uploads\/2024\/10\/DSC09538.jpg\",\"contentUrl\":\"https:\/\/micro-esthetique.com\/wp-content\/uploads\/2024\/10\/DSC09538.jpg\",\"width\":1000,\"height\":1000},{\"@type\":\"BreadcrumbList\",\"@id\":\"https:\/\/micro-esthetique.com\/en\/product\/cellular-serum\/#breadcrumb\",\"itemListElement\":[{\"@type\":\"ListItem\",\"position\":1,\"name\":\"Accueil\",\"item\":\"https:\/\/micro-esthetique.com\/en\/\"},{\"@type\":\"ListItem\",\"position\":2,\"name\":\"Boutique\",\"item\":\"https:\/\/micro-esthetique.com\/boutique-produits\/\"},{\"@type\":\"ListItem\",\"position\":3,\"name\":\"Cellular serum\"}]},{\"@type\":\"WebSite\",\"@id\":\"https:\/\/micro-esthetique.com\/en\/#website\",\"url\":\"https:\/\/micro-esthetique.com\/en\/\",\"name\":\"ESME Esth\u00e9tique\",\"description\":\"\",\"publisher\":{\"@id\":\"https:\/\/micro-esthetique.com\/en\/#organization\"},\"potentialAction\":[{\"@type\":\"SearchAction\",\"target\":{\"@type\":\"EntryPoint\",\"urlTemplate\":\"https:\/\/micro-esthetique.com\/en\/?s={search_term_string}\"},\"query-input\":{\"@type\":\"PropertyValueSpecification\",\"valueRequired\":true,\"valueName\":\"search_term_string\"}}],\"inLanguage\":\"en-US\"},{\"@type\":\"Organization\",\"@id\":\"https:\/\/micro-esthetique.com\/en\/#organization\",\"name\":\"ESME Esth\u00e9tique\",\"url\":\"https:\/\/micro-esthetique.com\/en\/\",\"logo\":{\"@type\":\"ImageObject\",\"inLanguage\":\"en-US\",\"@id\":\"https:\/\/micro-esthetique.com\/en\/#\/schema\/logo\/image\/\",\"url\":\"https:\/\/micro-esthetique.com\/wp-content\/uploads\/2024\/11\/placeholder2.jpg\",\"contentUrl\":\"https:\/\/micro-esthetique.com\/wp-content\/uploads\/2024\/11\/placeholder2.jpg\",\"width\":1000,\"height\":1000,\"caption\":\"ESME Esth\u00e9tique\"},\"image\":{\"@id\":\"https:\/\/micro-esthetique.com\/en\/#\/schema\/logo\/image\/\"},\"sameAs\":[\"https:\/\/www.facebook.com\/microtrolyse\/\",\"https:\/\/www.instagram.com\/esme_esthetique\/\"]}]}<\/script>\n<!-- \/ Yoast SEO plugin. -->","yoast_head_json":{"title":"Cellular serum - ESME Esth\u00e9tique","description":"Anti-pollution serum with 3D densifying\u2020and vector-like lifting effects, restoring a radiant, luminous lifted appearance.","robots":{"index":"index","follow":"follow","max-snippet":"max-snippet:-1","max-image-preview":"max-image-preview:large","max-video-preview":"max-video-preview:-1"},"canonical":"https:\/\/micro-esthetique.com\/en\/product\/cellular-serum\/","og_locale":"en_US","og_type":"article","og_title":"Cellular serum - ESME Esth\u00e9tique","og_description":"Anti-pollution serum with 3D densifying\u2020and vector-like lifting effects, restoring a radiant, luminous lifted appearance.","og_url":"https:\/\/micro-esthetique.com\/en\/product\/cellular-serum\/","og_site_name":"ESME Esth\u00e9tique","article_publisher":"https:\/\/www.facebook.com\/microtrolyse\/","og_image":[{"width":1000,"height":1000,"url":"https:\/\/micro-esthetique.com\/wp-content\/uploads\/2024\/10\/DSC09538.jpg","type":"image\/jpeg"}],"twitter_card":"summary_large_image","twitter_misc":{"Est. reading time":"1 minute"},"schema":{"@context":"https:\/\/schema.org","@graph":[{"@type":"WebPage","@id":"https:\/\/micro-esthetique.com\/en\/product\/cellular-serum\/","url":"https:\/\/micro-esthetique.com\/en\/product\/cellular-serum\/","name":"Cellular serum - ESME Esth\u00e9tique","isPartOf":{"@id":"https:\/\/micro-esthetique.com\/en\/#website"},"primaryImageOfPage":{"@id":"https:\/\/micro-esthetique.com\/en\/product\/cellular-serum\/#primaryimage"},"image":{"@id":"https:\/\/micro-esthetique.com\/en\/product\/cellular-serum\/#primaryimage"},"thumbnailUrl":"https:\/\/micro-esthetique.com\/wp-content\/uploads\/2024\/10\/DSC09538.jpg","datePublished":"2024-10-18T00:21:45+00:00","description":"Anti-pollution serum with 3D densifying\u2020and vector-like lifting effects, restoring a radiant, luminous lifted appearance.","breadcrumb":{"@id":"https:\/\/micro-esthetique.com\/en\/product\/cellular-serum\/#breadcrumb"},"inLanguage":"en-US","potentialAction":[{"@type":"ReadAction","target":["https:\/\/micro-esthetique.com\/en\/product\/cellular-serum\/"]}]},{"@type":"ImageObject","inLanguage":"en-US","@id":"https:\/\/micro-esthetique.com\/en\/product\/cellular-serum\/#primaryimage","url":"https:\/\/micro-esthetique.com\/wp-content\/uploads\/2024\/10\/DSC09538.jpg","contentUrl":"https:\/\/micro-esthetique.com\/wp-content\/uploads\/2024\/10\/DSC09538.jpg","width":1000,"height":1000},{"@type":"BreadcrumbList","@id":"https:\/\/micro-esthetique.com\/en\/product\/cellular-serum\/#breadcrumb","itemListElement":[{"@type":"ListItem","position":1,"name":"Accueil","item":"https:\/\/micro-esthetique.com\/en\/"},{"@type":"ListItem","position":2,"name":"Boutique","item":"https:\/\/micro-esthetique.com\/boutique-produits\/"},{"@type":"ListItem","position":3,"name":"Cellular serum"}]},{"@type":"WebSite","@id":"https:\/\/micro-esthetique.com\/en\/#website","url":"https:\/\/micro-esthetique.com\/en\/","name":"ESME Esth\u00e9tique","description":"","publisher":{"@id":"https:\/\/micro-esthetique.com\/en\/#organization"},"potentialAction":[{"@type":"SearchAction","target":{"@type":"EntryPoint","urlTemplate":"https:\/\/micro-esthetique.com\/en\/?s={search_term_string}"},"query-input":{"@type":"PropertyValueSpecification","valueRequired":true,"valueName":"search_term_string"}}],"inLanguage":"en-US"},{"@type":"Organization","@id":"https:\/\/micro-esthetique.com\/en\/#organization","name":"ESME Esth\u00e9tique","url":"https:\/\/micro-esthetique.com\/en\/","logo":{"@type":"ImageObject","inLanguage":"en-US","@id":"https:\/\/micro-esthetique.com\/en\/#\/schema\/logo\/image\/","url":"https:\/\/micro-esthetique.com\/wp-content\/uploads\/2024\/11\/placeholder2.jpg","contentUrl":"https:\/\/micro-esthetique.com\/wp-content\/uploads\/2024\/11\/placeholder2.jpg","width":1000,"height":1000,"caption":"ESME Esth\u00e9tique"},"image":{"@id":"https:\/\/micro-esthetique.com\/en\/#\/schema\/logo\/image\/"},"sameAs":["https:\/\/www.facebook.com\/microtrolyse\/","https:\/\/www.instagram.com\/esme_esthetique\/"]}]}},"_links":{"self":[{"href":"https:\/\/micro-esthetique.com\/en\/wp-json\/wp\/v2\/product\/9451","targetHints":{"allow":["GET"]}}],"collection":[{"href":"https:\/\/micro-esthetique.com\/en\/wp-json\/wp\/v2\/product"}],"about":[{"href":"https:\/\/micro-esthetique.com\/en\/wp-json\/wp\/v2\/types\/product"}],"wp:featuredmedia":[{"embeddable":true,"href":"https:\/\/micro-esthetique.com\/en\/wp-json\/wp\/v2\/media\/7542"}],"wp:attachment":[{"href":"https:\/\/micro-esthetique.com\/en\/wp-json\/wp\/v2\/media?parent=9451"}],"wp:term":[{"taxonomy":"product_brand","embeddable":true,"href":"https:\/\/micro-esthetique.com\/en\/wp-json\/wp\/v2\/product_brand?post=9451"},{"taxonomy":"product_cat","embeddable":true,"href":"https:\/\/micro-esthetique.com\/en\/wp-json\/wp\/v2\/product_cat?post=9451"},{"taxonomy":"product_tag","embeddable":true,"href":"https:\/\/micro-esthetique.com\/en\/wp-json\/wp\/v2\/product_tag?post=9451"}],"curies":[{"name":"wp","href":"https:\/\/api.w.org\/{rel}","templated":true}]}}